{"id":1881,"date":"2025-04-18T13:51:18","date_gmt":"2025-04-18T13:51:18","guid":{"rendered":"https:\/\/car4rent.ee\/?page_id=1881"},"modified":"2025-05-04T21:25:47","modified_gmt":"2025-05-04T21:25:47","slug":"contact","status":"publish","type":"page","link":"https:\/\/car4rent.ee\/en\/contact\/","title":{"rendered":"Contact"},"content":{"rendered":"\t\t<div data-elementor-type=\"wp-page\" data-elementor-id=\"1881\" class=\"elementor elementor-1881 elementor-520\" data-elementor-settings=\"{&quot;element_pack_global_tooltip_width&quot;:{&quot;unit&quot;:&quot;px&quot;,&quot;size&quot;:&quot;&quot;,&quot;sizes&quot;:[]},&quot;element_pack_global_tooltip_width_tablet&quot;:{&quot;unit&quot;:&quot;px&quot;,&quot;size&quot;:&quot;&quot;,&quot;sizes&quot;:[]},&quot;element_pack_global_tooltip_width_mobile&quot;:{&quot;unit&quot;:&quot;px&quot;,&quot;size&quot;:&quot;&quot;,&quot;sizes&quot;:[]},&quot;element_pack_global_tooltip_padding&quot;:{&quot;unit&quot;:&quot;px&quot;,&quot;top&quot;:&quot;&quot;,&quot;right&quot;:&quot;&quot;,&quot;bottom&quot;:&quot;&quot;,&quot;left&quot;:&quot;&quot;,&quot;isLinked&quot;:true},&quot;element_pack_global_tooltip_padding_tablet&quot;:{&quot;unit&quot;:&quot;px&quot;,&quot;top&quot;:&quot;&quot;,&quot;right&quot;:&quot;&quot;,&quot;bottom&quot;:&quot;&quot;,&quot;left&quot;:&quot;&quot;,&quot;isLinked&quot;:true},&quot;element_pack_global_tooltip_padding_mobile&quot;:{&quot;unit&quot;:&quot;px&quot;,&quot;top&quot;:&quot;&quot;,&quot;right&quot;:&quot;&quot;,&quot;bottom&quot;:&quot;&quot;,&quot;left&quot;:&quot;&quot;,&quot;isLinked&quot;:true},&quot;element_pack_global_tooltip_border_radius&quot;:{&quot;unit&quot;:&quot;px&quot;,&quot;top&quot;:&quot;&quot;,&quot;right&quot;:&quot;&quot;,&quot;bottom&quot;:&quot;&quot;,&quot;left&quot;:&quot;&quot;,&quot;isLinked&quot;:true},&quot;element_pack_global_tooltip_border_radius_tablet&quot;:{&quot;unit&quot;:&quot;px&quot;,&quot;top&quot;:&quot;&quot;,&quot;right&quot;:&quot;&quot;,&quot;bottom&quot;:&quot;&quot;,&quot;left&quot;:&quot;&quot;,&quot;isLinked&quot;:true},&quot;element_pack_global_tooltip_border_radius_mobile&quot;:{&quot;unit&quot;:&quot;px&quot;,&quot;top&quot;:&quot;&quot;,&quot;right&quot;:&quot;&quot;,&quot;bottom&quot;:&quot;&quot;,&quot;left&quot;:&quot;&quot;,&quot;isLinked&quot;:true}}\" data-elementor-post-type=\"page\">\n\t\t\t\t<div class=\"elementor-element elementor-element-2b29853 element-pack-agbg-yes e-flex e-con-boxed e-con e-parent\" data-id=\"2b29853\" data-element_type=\"container\" data-settings=\"{&quot;background_background&quot;:&quot;classic&quot;,&quot;element_pack_agbg_show&quot;:&quot;yes&quot;,&quot;element_pack_agbg_color_list&quot;:[{&quot;start_color&quot;:&quot;#E9BD90&quot;,&quot;_id&quot;:&quot;8eb4dde&quot;,&quot;end_color&quot;:&quot;#fefefe&quot;},{&quot;start_color&quot;:&quot;#301E0A&quot;,&quot;end_color&quot;:&quot;#43280D&quot;,&quot;_id&quot;:&quot;a9f87aa&quot;}],&quot;element_pack_agbg_direction&quot;:&quot;diagonal&quot;,&quot;element_pack_agbg_transitionSpeed&quot;:{&quot;unit&quot;:&quot;px&quot;,&quot;size&quot;:&quot;&quot;,&quot;sizes&quot;:[]},&quot;ekit_has_onepagescroll_dot&quot;:&quot;yes&quot;}\">\n\t\t\t\t\t<div class=\"e-con-inner\">\n\t\t<div class=\"elementor-element elementor-element-96c69b3 e-con-full e-flex e-con e-child\" data-id=\"96c69b3\" data-element_type=\"container\" data-settings=\"{&quot;ekit_has_onepagescroll_dot&quot;:&quot;yes&quot;}\">\n\t\t\t\t<div class=\"elementor-element elementor-element-be39ccd elementor-widget elementor-widget-heading\" data-id=\"be39ccd\" data-element_type=\"widget\" data-settings=\"{&quot;ekit_we_effect_on&quot;:&quot;none&quot;}\" data-widget_type=\"heading.default\">\n\t\t\t\t<div class=\"elementor-widget-container\">\n\t\t\t\t\t<h1 class=\"elementor-heading-title elementor-size-default\">Contact<\/h1>\t\t\t\t<\/div>\n\t\t\t\t<\/div>\n\t\t\t\t<\/div>\n\t\t<div class=\"elementor-element elementor-element-3dc5f46 e-con-full elementor-hidden-mobile e-flex e-con e-child\" data-id=\"3dc5f46\" data-element_type=\"container\" data-settings=\"{&quot;ekit_has_onepagescroll_dot&quot;:&quot;yes&quot;}\">\n\t\t\t\t<\/div>\n\t\t\t\t\t<\/div>\n\t\t\t\t<\/div>\n\t\t<div class=\"elementor-element elementor-element-44842a1 e-flex e-con-boxed e-con e-parent\" data-id=\"44842a1\" data-element_type=\"container\" data-settings=\"{&quot;ekit_has_onepagescroll_dot&quot;:&quot;yes&quot;}\">\n\t\t\t\t\t<div class=\"e-con-inner\">\n\t\t<div class=\"elementor-element elementor-element-bbc1b66 e-con-full e-flex e-con e-child\" data-id=\"bbc1b66\" data-element_type=\"container\" data-settings=\"{&quot;ekit_has_onepagescroll_dot&quot;:&quot;yes&quot;}\">\n\t\t\t\t<div class=\"elementor-element elementor-element-ea12393 elementor-button-align-stretch elementor-widget elementor-widget-form\" data-id=\"ea12393\" data-element_type=\"widget\" data-settings=\"{&quot;step_next_label&quot;:&quot;Next&quot;,&quot;step_previous_label&quot;:&quot;Previous&quot;,&quot;button_width&quot;:&quot;100&quot;,&quot;step_type&quot;:&quot;number_text&quot;,&quot;step_icon_shape&quot;:&quot;circle&quot;,&quot;ekit_we_effect_on&quot;:&quot;none&quot;}\" data-widget_type=\"form.default\">\n\t\t\t\t<div class=\"elementor-widget-container\">\n\t\t\t\t\t\t\t<form class=\"elementor-form\" method=\"post\" name=\"New Form\">\n\t\t\t<input type=\"hidden\" name=\"post_id\" value=\"1881\"\/>\n\t\t\t<input type=\"hidden\" name=\"form_id\" value=\"ea12393\"\/>\n\t\t\t<input type=\"hidden\" name=\"referer_title\" value=\"Contact - Car4Rent\" \/>\n\n\t\t\t\t\t\t\t<input type=\"hidden\" name=\"queried_id\" value=\"1881\"\/>\n\t\t\t\n\t\t\t<div class=\"elementor-form-fields-wrapper elementor-labels-above\">\n\t\t\t\t\t\t\t\t<div class=\"elementor-field-type-text elementor-field-group elementor-column elementor-field-group-name elementor-col-100 elementor-field-required\">\n\t\t\t\t\t\t\t\t\t\t\t\t\t<input size=\"1\" type=\"text\" name=\"form_fields[name]\" id=\"form-field-name\" class=\"elementor-field elementor-size-sm  elementor-field-textual\" placeholder=\"Your name\" required=\"required\">\n\t\t\t\t\t\t\t\t\t\t\t<\/div>\n\t\t\t\t\t\t\t\t<div class=\"elementor-field-type-email elementor-field-group elementor-column elementor-field-group-email elementor-col-50 elementor-field-required\">\n\t\t\t\t\t\t\t\t\t\t\t\t\t<input size=\"1\" type=\"email\" name=\"form_fields[email]\" id=\"form-field-email\" class=\"elementor-field elementor-size-sm  elementor-field-textual\" placeholder=\"@\" required=\"required\">\n\t\t\t\t\t\t\t\t\t\t\t<\/div>\n\t\t\t\t\t\t\t\t<div class=\"elementor-field-type-number elementor-field-group elementor-column elementor-field-group-field_463e941 elementor-col-50\">\n\t\t\t\t\t\t\t\t<input type=\"number\" name=\"form_fields[field_463e941]\" id=\"form-field-field_463e941\" class=\"elementor-field elementor-size-sm  elementor-field-textual\" placeholder=\"+372\" min=\"\" max=\"\" >\n\t\t\t\t\t\t<\/div>\n\t\t\t\t\t\t\t\t<div class=\"elementor-field-type-textarea elementor-field-group elementor-column elementor-field-group-message elementor-col-100 elementor-field-required\">\n\t\t\t\t\t<textarea class=\"elementor-field-textual elementor-field  elementor-size-sm\" name=\"form_fields[message]\" id=\"form-field-message\" rows=\"4\" placeholder=\"Message\" required=\"required\"><\/textarea>\t\t\t\t<\/div>\n\t\t\t\t\t\t\t\t<div class=\"elementor-field-group elementor-column elementor-field-type-submit elementor-col-100 e-form__buttons\">\n\t\t\t\t\t<button class=\"elementor-button elementor-size-sm\" type=\"submit\">\n\t\t\t\t\t\t<span class=\"elementor-button-content-wrapper\">\n\t\t\t\t\t\t\t\t\t\t\t\t\t\t\t<span class=\"elementor-button-icon\">\n\t\t\t\t\t\t\t\t\t<svg aria-hidden=\"true\" class=\"e-font-icon-svg e-far-paper-plane\" viewBox=\"0 0 512 512\" xmlns=\"http:\/\/www.w3.org\/2000\/svg\"><path d=\"M440 6.5L24 246.4c-34.4 19.9-31.1 70.8 5.7 85.9L144 379.6V464c0 46.4 59.2 65.5 86.6 28.6l43.8-59.1 111.9 46.2c5.9 2.4 12.1 3.6 18.3 3.6 8.2 0 16.3-2.1 23.6-6.2 12.8-7.2 21.6-20 23.9-34.5l59.4-387.2c6.1-40.1-36.9-68.8-71.5-48.9zM192 464v-64.6l36.6 15.1L192 464zm212.6-28.7l-153.8-63.5L391 169.5c10.7-15.5-9.5-33.5-23.7-21.2L155.8 332.6 48 288 464 48l-59.4 387.3z\"><\/path><\/svg>\t\t\t\t\t\t\t\t\t\t\t\t\t\t\t\t\t<\/span>\n\t\t\t\t\t\t\t\t\t\t\t\t\t\t\t\t\t\t\t\t\t\t<span class=\"elementor-button-text\">Send<\/span>\n\t\t\t\t\t\t\t\t\t\t\t\t\t<\/span>\n\t\t\t\t\t<\/button>\n\t\t\t\t<\/div>\n\t\t\t<\/div>\n\t\t<\/form>\n\t\t\t\t\t\t<\/div>\n\t\t\t\t<\/div>\n\t\t\t\t<\/div>\n\t\t<div class=\"elementor-element elementor-element-26b08af e-con-full e-flex e-con e-child\" data-id=\"26b08af\" data-element_type=\"container\" data-settings=\"{&quot;ekit_has_onepagescroll_dot&quot;:&quot;yes&quot;}\">\n\t\t\t\t<div class=\"elementor-element elementor-element-f23d42c elementor-widget elementor-widget-heading\" data-id=\"f23d42c\" data-element_type=\"widget\" data-settings=\"{&quot;ekit_we_effect_on&quot;:&quot;none&quot;}\" data-widget_type=\"heading.default\">\n\t\t\t\t<div class=\"elementor-widget-container\">\n\t\t\t\t\t<h2 class=\"elementor-heading-title elementor-size-default\">Get in Touch<\/h2>\t\t\t\t<\/div>\n\t\t\t\t<\/div>\n\t\t\t\t<div class=\"elementor-element elementor-element-54071ef elementor-widget elementor-widget-heading\" data-id=\"54071ef\" data-element_type=\"widget\" data-settings=\"{&quot;ekit_we_effect_on&quot;:&quot;none&quot;}\" data-widget_type=\"heading.default\">\n\t\t\t\t<div class=\"elementor-widget-container\">\n\t\t\t\t\t<h4 class=\"elementor-heading-title elementor-size-default\"><a href=\"tel:+372%20550%202099\">+372 5502 099<\/a><\/h4>\t\t\t\t<\/div>\n\t\t\t\t<\/div>\n\t\t\t\t<div class=\"elementor-element elementor-element-b3a6d60 elementor-widget elementor-widget-heading\" data-id=\"b3a6d60\" data-element_type=\"widget\" data-settings=\"{&quot;ekit_we_effect_on&quot;:&quot;none&quot;}\" data-widget_type=\"heading.default\">\n\t\t\t\t<div class=\"elementor-widget-container\">\n\t\t\t\t\t<h4 class=\"elementor-heading-title elementor-size-default\">info@car4rent.ee\n<\/h4>\t\t\t\t<\/div>\n\t\t\t\t<\/div>\n\t\t\t\t<\/div>\n\t\t\t\t\t<\/div>\n\t\t\t\t<\/div>\n\t\t<div class=\"elementor-element elementor-element-87c0d54 e-con-full e-flex e-con e-parent\" data-id=\"87c0d54\" data-element_type=\"container\" data-settings=\"{&quot;background_background&quot;:&quot;classic&quot;,&quot;ekit_has_onepagescroll_dot&quot;:&quot;yes&quot;}\">\n\t\t\t\t<div class=\"elementor-element elementor-element-0bcd6da elementor-widget elementor-widget-image\" data-id=\"0bcd6da\" data-element_type=\"widget\" data-settings=\"{&quot;ekit_we_effect_on&quot;:&quot;none&quot;}\" data-widget_type=\"image.default\">\n\t\t\t\t<div class=\"elementor-widget-container\">\n\t\t\t\t\t\t\t\t\t\t\t\t\t\t\t<img fetchpriority=\"high\" decoding=\"async\" width=\"795\" height=\"266\" src=\"https:\/\/car4rent.ee\/wp-content\/uploads\/2025\/04\/logo-whute-sm.png\" class=\"attachment-large size-large wp-image-51\" alt=\"\" srcset=\"https:\/\/car4rent.ee\/wp-content\/uploads\/2025\/04\/logo-whute-sm.png 795w, https:\/\/car4rent.ee\/wp-content\/uploads\/2025\/04\/logo-whute-sm-600x201.png 600w, https:\/\/car4rent.ee\/wp-content\/uploads\/2025\/04\/logo-whute-sm-300x100.png 300w, https:\/\/car4rent.ee\/wp-content\/uploads\/2025\/04\/logo-whute-sm-768x257.png 768w\" sizes=\"(max-width: 795px) 100vw, 795px\" \/>\t\t\t\t\t\t\t\t\t\t\t\t\t\t\t<\/div>\n\t\t\t\t<\/div>\n\t\t\t\t<div class=\"elementor-element elementor-element-68c47fc elementor-widget elementor-widget-heading\" data-id=\"68c47fc\" data-element_type=\"widget\" data-settings=\"{&quot;ekit_we_effect_on&quot;:&quot;none&quot;}\" data-widget_type=\"heading.default\">\n\t\t\t\t<div class=\"elementor-widget-container\">\n\t\t\t\t\t<h2 class=\"elementor-heading-title elementor-size-default\">Feel the freedom on wheels<\/h2>\t\t\t\t<\/div>\n\t\t\t\t<\/div>\n\t\t\t\t<div class=\"elementor-element elementor-element-3cbcccb elementor-widget-tablet__width-initial elementor-widget elementor-widget-text-editor\" data-id=\"3cbcccb\" data-element_type=\"widget\" data-settings=\"{&quot;ekit_we_effect_on&quot;:&quot;none&quot;}\" data-widget_type=\"text-editor.default\">\n\t\t\t\t<div class=\"elementor-widget-container\">\n\t\t\t\t\t\t\t\t\t<p>Whether it&#8217;s vacation, work, or everyday errands \u2013 a rental car gives you the freedom to move in any situation.<\/p>\t\t\t\t\t\t\t\t<\/div>\n\t\t\t\t<\/div>\n\t\t\t\t<div class=\"elementor-element elementor-element-b9733fd elementor-widget elementor-widget-elementskit-creative-button\" data-id=\"b9733fd\" data-element_type=\"widget\" data-settings=\"{&quot;ekit_we_effect_on&quot;:&quot;none&quot;}\" data-widget_type=\"elementskit-creative-button.default\">\n\t\t\t\t<div class=\"elementor-widget-container\">\n\t\t\t\t\t<div class=\"ekit-wid-con\" >\t\t<div class=\"ekit-btn-wraper\">\n\t\t\t\t\t\t\t\t<a href=\"https:\/\/car4rent.ee\/en\/car-rental-tallinn\/\" class=\"ekit_creative_button \" id=\"\" data-text=\"\">\n\n\t\t\t\t\t\t\t\t\t\t\t\t\t<i aria-hidden=\"true\" class=\"ekit_creative_button_icon_before icon icon-car11\"><\/i>\t\t\t\t\t\t\n\t\t\t\t\t\t<span class=\"ekit_creative_button_text\">Choose your car<\/span>\n\n\t\t\t\t\t\t\t\t\t\t\t\t\t\t\t\t\t<\/a>\n\t\t\t\t\t\t<\/div>\n        <\/div>\t\t\t\t<\/div>\n\t\t\t\t<\/div>\n\t\t\t\t<\/div>\n\t\t\t\t<\/div>\n\t\t","protected":false},"excerpt":{"rendered":"<p>Contact Get in Touch +372 5502 099 info@car4rent.ee Feel the freedom on wheels Whether it&#8217;s vacation, work, or everyday errands \u2013 a rental car gives you the freedom to move in any situation. Choose your car<\/p>\n","protected":false},"author":1,"featured_media":0,"parent":0,"menu_order":0,"comment_status":"closed","ping_status":"closed","template":"","meta":{"_acf_changed":false,"footnotes":""},"class_list":["post-1881","page","type-page","status-publish","hentry"],"acf":[],"yoast_head":"<!-- This site is optimized with the Yoast SEO plugin v25.0 - https:\/\/yoast.com\/wordpress\/plugins\/seo\/ -->\n<title>Contact - Car4Rent<\/title>\n<meta name=\"description\" content=\"Broneeri auto Tallinnas minutitega! Lai valik, l\u00e4bipaistev hind ja usaldusv\u00e4\u00e4rne teenus \u2013 vali Car4Rent.\" \/>\n<meta name=\"robots\" content=\"index, follow, max-snippet:-1, max-image-preview:large, max-video-preview:-1\" \/>\n<link rel=\"canonical\" href=\"https:\/\/car4rent.ee\/kontakt\/\" \/>\n<meta property=\"og:locale\" content=\"en_US\" \/>\n<meta property=\"og:type\" content=\"article\" \/>\n<meta property=\"og:title\" content=\"Contact - Car4Rent\" \/>\n<meta property=\"og:description\" content=\"Broneeri auto Tallinnas minutitega! Lai valik, l\u00e4bipaistev hind ja usaldusv\u00e4\u00e4rne teenus \u2013 vali Car4Rent.\" \/>\n<meta property=\"og:url\" content=\"https:\/\/car4rent.ee\/kontakt\/\" \/>\n<meta property=\"og:site_name\" content=\"Car4Rent\" \/>\n<meta property=\"article:modified_time\" content=\"2025-05-04T21:25:47+00:00\" \/>\n<meta property=\"og:image\" content=\"https:\/\/car4rent.ee\/wp-content\/uploads\/2025\/04\/logo-whute-sm.png\" \/>\n<meta name=\"twitter:card\" content=\"summary_large_image\" \/>\n<script type=\"application\/ld+json\" class=\"yoast-schema-graph\">{\"@context\":\"https:\/\/schema.org\",\"@graph\":[{\"@type\":\"WebPage\",\"@id\":\"https:\/\/car4rent.ee\/kontakt\/\",\"url\":\"https:\/\/car4rent.ee\/kontakt\/\",\"name\":\"Contact - Car4Rent\",\"isPartOf\":{\"@id\":\"https:\/\/car4rent.ee\/#website\"},\"primaryImageOfPage\":{\"@id\":\"https:\/\/car4rent.ee\/kontakt\/#primaryimage\"},\"image\":{\"@id\":\"https:\/\/car4rent.ee\/kontakt\/#primaryimage\"},\"thumbnailUrl\":\"https:\/\/car4rent.ee\/wp-content\/uploads\/2025\/04\/logo-whute-sm.png\",\"datePublished\":\"2025-04-18T13:51:18+00:00\",\"dateModified\":\"2025-05-04T21:25:47+00:00\",\"description\":\"Broneeri auto Tallinnas minutitega! Lai valik, l\u00e4bipaistev hind ja usaldusv\u00e4\u00e4rne teenus \u2013 vali Car4Rent.\",\"breadcrumb\":{\"@id\":\"https:\/\/car4rent.ee\/kontakt\/#breadcrumb\"},\"inLanguage\":\"en-US\",\"potentialAction\":[{\"@type\":\"ReadAction\",\"target\":[\"https:\/\/car4rent.ee\/kontakt\/\"]}]},{\"@type\":\"ImageObject\",\"inLanguage\":\"en-US\",\"@id\":\"https:\/\/car4rent.ee\/kontakt\/#primaryimage\",\"url\":\"https:\/\/car4rent.ee\/wp-content\/uploads\/2025\/04\/logo-whute-sm.png\",\"contentUrl\":\"https:\/\/car4rent.ee\/wp-content\/uploads\/2025\/04\/logo-whute-sm.png\"},{\"@type\":\"BreadcrumbList\",\"@id\":\"https:\/\/car4rent.ee\/kontakt\/#breadcrumb\",\"itemListElement\":[{\"@type\":\"ListItem\",\"position\":1,\"name\":\"Home\",\"item\":\"https:\/\/car4rent.ee\/\"},{\"@type\":\"ListItem\",\"position\":2,\"name\":\"Contact\"}]},{\"@type\":\"WebSite\",\"@id\":\"https:\/\/car4rent.ee\/#website\",\"url\":\"https:\/\/car4rent.ee\/\",\"name\":\"Car4Rent\",\"description\":\"Autorent Tallinnas \u2013 Kiire, Mugav ja Usaldusv\u00e4\u00e4rne\",\"publisher\":{\"@id\":\"https:\/\/car4rent.ee\/#organization\"},\"alternateName\":\"Car4Rent\",\"potentialAction\":[{\"@type\":\"SearchAction\",\"target\":{\"@type\":\"EntryPoint\",\"urlTemplate\":\"https:\/\/car4rent.ee\/?s={search_term_string}\"},\"query-input\":{\"@type\":\"PropertyValueSpecification\",\"valueRequired\":true,\"valueName\":\"search_term_string\"}}],\"inLanguage\":\"en-US\"},{\"@type\":\"Organization\",\"@id\":\"https:\/\/car4rent.ee\/#organization\",\"name\":\"Car4Rent\",\"url\":\"https:\/\/car4rent.ee\/\",\"logo\":{\"@type\":\"ImageObject\",\"inLanguage\":\"en-US\",\"@id\":\"https:\/\/car4rent.ee\/#\/schema\/logo\/image\/\",\"url\":\"https:\/\/car4rent.ee\/wp-content\/uploads\/2025\/04\/logo-black-sm.png\",\"contentUrl\":\"https:\/\/car4rent.ee\/wp-content\/uploads\/2025\/04\/logo-black-sm.png\",\"width\":795,\"height\":264,\"caption\":\"Car4Rent\"},\"image\":{\"@id\":\"https:\/\/car4rent.ee\/#\/schema\/logo\/image\/\"}}]}<\/script>\n<!-- \/ Yoast SEO plugin. -->","yoast_head_json":{"title":"Contact - Car4Rent","description":"Broneeri auto Tallinnas minutitega! Lai valik, l\u00e4bipaistev hind ja usaldusv\u00e4\u00e4rne teenus \u2013 vali Car4Rent.","robots":{"index":"index","follow":"follow","max-snippet":"max-snippet:-1","max-image-preview":"max-image-preview:large","max-video-preview":"max-video-preview:-1"},"canonical":"https:\/\/car4rent.ee\/kontakt\/","og_locale":"en_US","og_type":"article","og_title":"Contact - Car4Rent","og_description":"Broneeri auto Tallinnas minutitega! Lai valik, l\u00e4bipaistev hind ja usaldusv\u00e4\u00e4rne teenus \u2013 vali Car4Rent.","og_url":"https:\/\/car4rent.ee\/kontakt\/","og_site_name":"Car4Rent","article_modified_time":"2025-05-04T21:25:47+00:00","og_image":[{"url":"https:\/\/car4rent.ee\/wp-content\/uploads\/2025\/04\/logo-whute-sm.png","type":"","width":"","height":""}],"twitter_card":"summary_large_image","schema":{"@context":"https:\/\/schema.org","@graph":[{"@type":"WebPage","@id":"https:\/\/car4rent.ee\/kontakt\/","url":"https:\/\/car4rent.ee\/kontakt\/","name":"Contact - Car4Rent","isPartOf":{"@id":"https:\/\/car4rent.ee\/#website"},"primaryImageOfPage":{"@id":"https:\/\/car4rent.ee\/kontakt\/#primaryimage"},"image":{"@id":"https:\/\/car4rent.ee\/kontakt\/#primaryimage"},"thumbnailUrl":"https:\/\/car4rent.ee\/wp-content\/uploads\/2025\/04\/logo-whute-sm.png","datePublished":"2025-04-18T13:51:18+00:00","dateModified":"2025-05-04T21:25:47+00:00","description":"Broneeri auto Tallinnas minutitega! Lai valik, l\u00e4bipaistev hind ja usaldusv\u00e4\u00e4rne teenus \u2013 vali Car4Rent.","breadcrumb":{"@id":"https:\/\/car4rent.ee\/kontakt\/#breadcrumb"},"inLanguage":"en-US","potentialAction":[{"@type":"ReadAction","target":["https:\/\/car4rent.ee\/kontakt\/"]}]},{"@type":"ImageObject","inLanguage":"en-US","@id":"https:\/\/car4rent.ee\/kontakt\/#primaryimage","url":"https:\/\/car4rent.ee\/wp-content\/uploads\/2025\/04\/logo-whute-sm.png","contentUrl":"https:\/\/car4rent.ee\/wp-content\/uploads\/2025\/04\/logo-whute-sm.png"},{"@type":"BreadcrumbList","@id":"https:\/\/car4rent.ee\/kontakt\/#breadcrumb","itemListElement":[{"@type":"ListItem","position":1,"name":"Home","item":"https:\/\/car4rent.ee\/"},{"@type":"ListItem","position":2,"name":"Contact"}]},{"@type":"WebSite","@id":"https:\/\/car4rent.ee\/#website","url":"https:\/\/car4rent.ee\/","name":"Car4Rent","description":"Autorent Tallinnas \u2013 Kiire, Mugav ja Usaldusv\u00e4\u00e4rne","publisher":{"@id":"https:\/\/car4rent.ee\/#organization"},"alternateName":"Car4Rent","potentialAction":[{"@type":"SearchAction","target":{"@type":"EntryPoint","urlTemplate":"https:\/\/car4rent.ee\/?s={search_term_string}"},"query-input":{"@type":"PropertyValueSpecification","valueRequired":true,"valueName":"search_term_string"}}],"inLanguage":"en-US"},{"@type":"Organization","@id":"https:\/\/car4rent.ee\/#organization","name":"Car4Rent","url":"https:\/\/car4rent.ee\/","logo":{"@type":"ImageObject","inLanguage":"en-US","@id":"https:\/\/car4rent.ee\/#\/schema\/logo\/image\/","url":"https:\/\/car4rent.ee\/wp-content\/uploads\/2025\/04\/logo-black-sm.png","contentUrl":"https:\/\/car4rent.ee\/wp-content\/uploads\/2025\/04\/logo-black-sm.png","width":795,"height":264,"caption":"Car4Rent"},"image":{"@id":"https:\/\/car4rent.ee\/#\/schema\/logo\/image\/"}}]}},"_links":{"self":[{"href":"https:\/\/car4rent.ee\/en\/wp-json\/wp\/v2\/pages\/1881","targetHints":{"allow":["GET"]}}],"collection":[{"href":"https:\/\/car4rent.ee\/en\/wp-json\/wp\/v2\/pages"}],"about":[{"href":"https:\/\/car4rent.ee\/en\/wp-json\/wp\/v2\/types\/page"}],"author":[{"embeddable":true,"href":"https:\/\/car4rent.ee\/en\/wp-json\/wp\/v2\/users\/1"}],"replies":[{"embeddable":true,"href":"https:\/\/car4rent.ee\/en\/wp-json\/wp\/v2\/comments?post=1881"}],"version-history":[{"count":7,"href":"https:\/\/car4rent.ee\/en\/wp-json\/wp\/v2\/pages\/1881\/revisions"}],"predecessor-version":[{"id":1889,"href":"https:\/\/car4rent.ee\/en\/wp-json\/wp\/v2\/pages\/1881\/revisions\/1889"}],"wp:attachment":[{"href":"https:\/\/car4rent.ee\/en\/wp-json\/wp\/v2\/media?parent=1881"}],"curies":[{"name":"wp","href":"https:\/\/api.w.org\/{rel}","templated":true}]}}