{"id":1961,"date":"2025-05-04T22:40:18","date_gmt":"2025-05-04T22:40:18","guid":{"rendered":"https:\/\/car4rent.ee\/?page_id=1961"},"modified":"2025-05-04T23:44:45","modified_gmt":"2025-05-04T23:44:45","slug":"rental-policy","status":"publish","type":"page","link":"https:\/\/car4rent.ee\/en\/rental-policy\/","title":{"rendered":"Rental Terms"},"content":{"rendered":"\t\t<div data-elementor-type=\"wp-page\" data-elementor-id=\"1961\" class=\"elementor elementor-1961 elementor-1940\" data-elementor-settings=\"{&quot;element_pack_global_tooltip_width&quot;:{&quot;unit&quot;:&quot;px&quot;,&quot;size&quot;:&quot;&quot;,&quot;sizes&quot;:[]},&quot;element_pack_global_tooltip_width_tablet&quot;:{&quot;unit&quot;:&quot;px&quot;,&quot;size&quot;:&quot;&quot;,&quot;sizes&quot;:[]},&quot;element_pack_global_tooltip_width_mobile&quot;:{&quot;unit&quot;:&quot;px&quot;,&quot;size&quot;:&quot;&quot;,&quot;sizes&quot;:[]},&quot;element_pack_global_tooltip_padding&quot;:{&quot;unit&quot;:&quot;px&quot;,&quot;top&quot;:&quot;&quot;,&quot;right&quot;:&quot;&quot;,&quot;bottom&quot;:&quot;&quot;,&quot;left&quot;:&quot;&quot;,&quot;isLinked&quot;:true},&quot;element_pack_global_tooltip_padding_tablet&quot;:{&quot;unit&quot;:&quot;px&quot;,&quot;top&quot;:&quot;&quot;,&quot;right&quot;:&quot;&quot;,&quot;bottom&quot;:&quot;&quot;,&quot;left&quot;:&quot;&quot;,&quot;isLinked&quot;:true},&quot;element_pack_global_tooltip_padding_mobile&quot;:{&quot;unit&quot;:&quot;px&quot;,&quot;top&quot;:&quot;&quot;,&quot;right&quot;:&quot;&quot;,&quot;bottom&quot;:&quot;&quot;,&quot;left&quot;:&quot;&quot;,&quot;isLinked&quot;:true},&quot;element_pack_global_tooltip_border_radius&quot;:{&quot;unit&quot;:&quot;px&quot;,&quot;top&quot;:&quot;&quot;,&quot;right&quot;:&quot;&quot;,&quot;bottom&quot;:&quot;&quot;,&quot;left&quot;:&quot;&quot;,&quot;isLinked&quot;:true},&quot;element_pack_global_tooltip_border_radius_tablet&quot;:{&quot;unit&quot;:&quot;px&quot;,&quot;top&quot;:&quot;&quot;,&quot;right&quot;:&quot;&quot;,&quot;bottom&quot;:&quot;&quot;,&quot;left&quot;:&quot;&quot;,&quot;isLinked&quot;:true},&quot;element_pack_global_tooltip_border_radius_mobile&quot;:{&quot;unit&quot;:&quot;px&quot;,&quot;top&quot;:&quot;&quot;,&quot;right&quot;:&quot;&quot;,&quot;bottom&quot;:&quot;&quot;,&quot;left&quot;:&quot;&quot;,&quot;isLinked&quot;:true}}\" data-elementor-post-type=\"page\">\n\t\t\t\t<div class=\"elementor-element elementor-element-2b29853 element-pack-agbg-yes e-flex e-con-boxed e-con e-parent\" data-id=\"2b29853\" data-element_type=\"container\" data-settings=\"{&quot;background_background&quot;:&quot;classic&quot;,&quot;element_pack_agbg_show&quot;:&quot;yes&quot;,&quot;element_pack_agbg_color_list&quot;:[{&quot;start_color&quot;:&quot;#E9BD90&quot;,&quot;_id&quot;:&quot;8eb4dde&quot;,&quot;end_color&quot;:&quot;#fefefe&quot;},{&quot;start_color&quot;:&quot;#301E0A&quot;,&quot;end_color&quot;:&quot;#43280D&quot;,&quot;_id&quot;:&quot;a9f87aa&quot;}],&quot;element_pack_agbg_direction&quot;:&quot;diagonal&quot;,&quot;element_pack_agbg_transitionSpeed&quot;:{&quot;unit&quot;:&quot;px&quot;,&quot;size&quot;:&quot;&quot;,&quot;sizes&quot;:[]},&quot;ekit_has_onepagescroll_dot&quot;:&quot;yes&quot;}\">\n\t\t\t\t\t<div class=\"e-con-inner\">\n\t\t<div class=\"elementor-element elementor-element-96c69b3 e-con-full e-flex e-con e-child\" data-id=\"96c69b3\" data-element_type=\"container\" data-settings=\"{&quot;ekit_has_onepagescroll_dot&quot;:&quot;yes&quot;}\">\n\t\t\t\t<div class=\"elementor-element elementor-element-be39ccd elementor-widget elementor-widget-heading\" data-id=\"be39ccd\" data-element_type=\"widget\" data-settings=\"{&quot;ekit_we_effect_on&quot;:&quot;none&quot;}\" data-widget_type=\"heading.default\">\n\t\t\t\t<div class=\"elementor-widget-container\">\n\t\t\t\t\t<h1 class=\"elementor-heading-title elementor-size-default\">Rental Terms<\/h1>\t\t\t\t<\/div>\n\t\t\t\t<\/div>\n\t\t\t\t<\/div>\n\t\t<div class=\"elementor-element elementor-element-3dc5f46 e-con-full elementor-hidden-mobile e-flex e-con e-child\" data-id=\"3dc5f46\" data-element_type=\"container\" data-settings=\"{&quot;ekit_has_onepagescroll_dot&quot;:&quot;yes&quot;}\">\n\t\t\t\t<\/div>\n\t\t\t\t\t<\/div>\n\t\t\t\t<\/div>\n\t\t<div class=\"elementor-element elementor-element-36c1bef e-flex e-con-boxed e-con e-parent\" data-id=\"36c1bef\" data-element_type=\"container\" data-settings=\"{&quot;ekit_has_onepagescroll_dot&quot;:&quot;yes&quot;}\">\n\t\t\t\t\t<div class=\"e-con-inner\">\n\t\t\t\t<div class=\"elementor-element elementor-element-5676250 elementor-widget__width-initial elementor-widget elementor-widget-text-editor\" data-id=\"5676250\" data-element_type=\"widget\" data-settings=\"{&quot;ekit_we_effect_on&quot;:&quot;none&quot;}\" data-widget_type=\"text-editor.default\">\n\t\t\t\t<div class=\"elementor-widget-container\">\n\t\t\t\t\t\t\t\t\t<p>Our goal is to make car rental fast, convenient, and reliable. Below you&#8217;ll find the key rental conditions \u2014 please review them before making a reservation.<\/p>\t\t\t\t\t\t\t\t<\/div>\n\t\t\t\t<\/div>\n\t\t\t\t\t<\/div>\n\t\t\t\t<\/div>\n\t\t<div class=\"elementor-element elementor-element-f99aa9f e-flex e-con-boxed e-con e-parent\" data-id=\"f99aa9f\" data-element_type=\"container\" data-settings=\"{&quot;ekit_has_onepagescroll_dot&quot;:&quot;yes&quot;}\">\n\t\t\t\t\t<div class=\"e-con-inner\">\n\t\t\t\t<div class=\"elementor-element elementor-element-e658b9e elementor-widget elementor-widget-text-editor\" data-id=\"e658b9e\" data-element_type=\"widget\" data-settings=\"{&quot;ekit_we_effect_on&quot;:&quot;none&quot;}\" data-widget_type=\"text-editor.default\">\n\t\t\t\t<div class=\"elementor-widget-container\">\n\t\t\t\t\t\t\t\t\t<h3 class=\"\" data-start=\"267\" data-end=\"304\">How does the rental process work?<\/h3><ol data-start=\"306\" data-end=\"611\"><li class=\"\" data-start=\"306\" data-end=\"431\"><p class=\"\" data-start=\"309\" data-end=\"431\"><strong data-start=\"309\" data-end=\"345\">Choose your car and rental dates<\/strong> on the page <a class=\"\" href=\"https:\/\/car4rent.ee\/autorent-tallinnas\" target=\"_new\" rel=\"noopener\" data-start=\"358\" data-end=\"430\">car4rent.ee\/autorent-tallinnas<\/a>.<\/p><\/li><li class=\"\" data-start=\"432\" data-end=\"485\"><p class=\"\" data-start=\"435\" data-end=\"485\"><strong data-start=\"435\" data-end=\"464\">Fill out the booking form<\/strong> and submit it to us.<\/p><\/li><li class=\"\" data-start=\"486\" data-end=\"611\"><p class=\"\" data-start=\"489\" data-end=\"611\"><strong data-start=\"489\" data-end=\"542\">We will confirm your reservation within 24 hours.<\/strong><br data-start=\"542\" data-end=\"545\" \/>The rental becomes valid only after confirmation from our side.<br \/><br \/><\/p><\/li><\/ol><h3 class=\"\" data-start=\"618\" data-end=\"641\">Who can rent a car?<\/h3><ul data-start=\"643\" data-end=\"1102\"><li class=\"\" data-start=\"643\" data-end=\"746\"><p class=\"\" data-start=\"645\" data-end=\"746\">The driver must be <strong data-start=\"664\" data-end=\"689\">at least 21 years old<\/strong> and have <strong data-start=\"699\" data-end=\"745\">a minimum of 2 years of driving experience<\/strong>.<\/p><\/li><li class=\"\" data-start=\"747\" data-end=\"821\"><p class=\"\" data-start=\"749\" data-end=\"768\">Required documents:<\/p><ul data-start=\"771\" data-end=\"821\"><li class=\"\" data-start=\"771\" data-end=\"797\"><p class=\"\" data-start=\"773\" data-end=\"797\">A valid driver\u2019s license<\/p><\/li><li class=\"\" data-start=\"800\" data-end=\"821\"><p class=\"\" data-start=\"802\" data-end=\"821\">ID card or passport<\/p><\/li><\/ul><\/li><li class=\"\" data-start=\"822\" data-end=\"944\"><p class=\"\" data-start=\"824\" data-end=\"944\"><strong data-start=\"824\" data-end=\"879\">The rental agreement is signed only with the driver<\/strong> whose name appears on the driver\u2019s license and the bank account.<\/p><\/li><li class=\"\" data-start=\"945\" data-end=\"1031\"><p class=\"\" data-start=\"947\" data-end=\"1031\"><strong data-start=\"947\" data-end=\"958\">Payment<\/strong> is made <strong data-start=\"967\" data-end=\"1030\">in cash or by bank transfer before the rental period begins<\/strong>.<\/p><\/li><li class=\"\" data-start=\"1032\" data-end=\"1102\"><p class=\"\" data-start=\"1034\" data-end=\"1102\"><strong data-start=\"1034\" data-end=\"1064\">Security deposit from \u20ac200<\/strong>, also payable in cash or by transfer.<br \/><br \/><\/p><\/li><\/ul><h3 class=\"\" data-start=\"1109\" data-end=\"1134\">Car pickup and return<\/h3><ul data-start=\"1136\" data-end=\"1517\"><li class=\"\" data-start=\"1136\" data-end=\"1183\"><p class=\"\" data-start=\"1138\" data-end=\"1183\"><strong data-start=\"1138\" data-end=\"1182\">Free delivery within Tallinn city center<\/strong>.<\/p><\/li><li class=\"\" data-start=\"1184\" data-end=\"1294\"><p class=\"\" data-start=\"1186\" data-end=\"1294\">Delivery outside the Tallinn city center or <strong data-start=\"296\" data-end=\"321\">outside working hours<\/strong> (working hours: 10:00\u201317:00) is subject to a \u20ac20 service fee.<\/p><\/li><li class=\"\" data-start=\"1295\" data-end=\"1393\"><p class=\"\" data-start=\"1297\" data-end=\"1393\">Cars are delivered <strong data-start=\"1316\" data-end=\"1346\">clean and with a full tank<\/strong> \u2013 they must be returned in the same condition.<\/p><\/li><li class=\"\" data-start=\"1394\" data-end=\"1517\"><p class=\"\" data-start=\"1396\" data-end=\"1517\">Return the vehicle to the same location where it was picked up. On request, we can collect the car for an additional fee.<br \/><br \/><\/p><\/li><\/ul><h3 class=\"\" data-start=\"1524\" data-end=\"1552\">Who is allowed to drive?<\/h3><ul data-start=\"1554\" data-end=\"1801\"><li class=\"\" data-start=\"1554\" data-end=\"1643\"><p class=\"\" data-start=\"1556\" data-end=\"1643\"><strong data-start=\"1556\" data-end=\"1643\">Only the driver(s) listed in the rental agreement are allowed to drive the vehicle.<\/strong><\/p><\/li><li class=\"\" data-start=\"1644\" data-end=\"1729\"><p class=\"\" data-start=\"1646\" data-end=\"1729\">If you want to authorize another driver, inform us <strong data-start=\"1697\" data-end=\"1728\">before signing the contract<\/strong>.<\/p><\/li><li class=\"\" data-start=\"1730\" data-end=\"1801\"><p class=\"\" data-start=\"1732\" data-end=\"1801\">The renter remains fully responsible for the vehicle and any damages.<br \/><br \/><\/p><\/li><\/ul><h3 class=\"\" data-start=\"1808\" data-end=\"1832\">Fines and violations<\/h3><ul data-start=\"1834\" data-end=\"2088\"><li class=\"\" data-start=\"1834\" data-end=\"1936\"><p class=\"\" data-start=\"1836\" data-end=\"1936\"><strong data-start=\"1836\" data-end=\"1865\">Inform us about any fines<\/strong> when returning the vehicle and pay them according to the instructions.<\/p><\/li><li class=\"\" data-start=\"1937\" data-end=\"1989\"><p class=\"\" data-start=\"1939\" data-end=\"1989\">Unpaid fines are subject to a <strong data-start=\"1969\" data-end=\"1988\">\u20ac10 service fee<\/strong>.<\/p><\/li><li class=\"\" data-start=\"1990\" data-end=\"2088\"><p class=\"\" data-start=\"1992\" data-end=\"2088\">If the fine is collected from us, the charge may increase up to <strong data-start=\"2056\" data-end=\"2087\">5 times the original amount<\/strong>.<br \/><br \/><\/p><\/li><\/ul><h3 class=\"\" data-start=\"2095\" data-end=\"2127\">Damages and technical issues<\/h3><ul data-start=\"2129\" data-end=\"2429\"><li class=\"\" data-start=\"2129\" data-end=\"2177\"><p class=\"\" data-start=\"2131\" data-end=\"2177\">In case of damage, <strong data-start=\"2150\" data-end=\"2176\">contact us immediately<\/strong>.<\/p><\/li><li class=\"\" data-start=\"2178\" data-end=\"2275\"><p class=\"\" data-start=\"2180\" data-end=\"2208\">In the event of an accident:<\/p><ul data-start=\"2211\" data-end=\"2275\"><li class=\"\" data-start=\"2211\" data-end=\"2252\"><p class=\"\" data-start=\"2213\" data-end=\"2252\">Fill in <strong data-start=\"2221\" data-end=\"2252\">Traffic Accident Form No. 1<\/strong><\/p><\/li><li class=\"\" data-start=\"2255\" data-end=\"2275\"><p class=\"\" data-start=\"2257\" data-end=\"2275\">Or call the police<\/p><\/li><\/ul><\/li><li class=\"\" data-start=\"2276\" data-end=\"2377\"><p class=\"\" data-start=\"2278\" data-end=\"2377\">For technical issues, <strong data-start=\"2300\" data-end=\"2341\">24\/7 roadside assistance is available<\/strong>, but <strong data-start=\"2347\" data-end=\"2376\">you must contact us first<\/strong>.<\/p><\/li><li class=\"\" data-start=\"2378\" data-end=\"2429\"><p class=\"\" data-start=\"2380\" data-end=\"2429\"><strong data-start=\"2380\" data-end=\"2429\">Unauthorized repairs are strictly prohibited.<br \/><br \/><\/strong><\/p><\/li><\/ul><p class=\"\" data-start=\"2436\" data-end=\"2542\">If you have any questions about the rental terms or need further assistance, don\u2019t hesitate to contact us!<\/p>\t\t\t\t\t\t\t\t<\/div>\n\t\t\t\t<\/div>\n\t\t\t\t\t<\/div>\n\t\t\t\t<\/div>\n\t\t<div class=\"elementor-element elementor-element-54a7eec e-con-full e-flex e-con e-parent\" data-id=\"54a7eec\" data-element_type=\"container\" data-settings=\"{&quot;background_background&quot;:&quot;classic&quot;,&quot;ekit_has_onepagescroll_dot&quot;:&quot;yes&quot;}\">\n\t\t\t\t<div class=\"elementor-element elementor-element-c1bbeca elementor-widget elementor-widget-image\" data-id=\"c1bbeca\" data-element_type=\"widget\" data-settings=\"{&quot;ekit_we_effect_on&quot;:&quot;none&quot;}\" data-widget_type=\"image.default\">\n\t\t\t\t<div class=\"elementor-widget-container\">\n\t\t\t\t\t\t\t\t\t\t\t\t\t\t\t<img fetchpriority=\"high\" decoding=\"async\" width=\"795\" height=\"266\" src=\"https:\/\/car4rent.ee\/wp-content\/uploads\/2025\/04\/logo-whute-sm.png\" class=\"attachment-large size-large wp-image-51\" alt=\"\" srcset=\"https:\/\/car4rent.ee\/wp-content\/uploads\/2025\/04\/logo-whute-sm.png 795w, https:\/\/car4rent.ee\/wp-content\/uploads\/2025\/04\/logo-whute-sm-600x201.png 600w, https:\/\/car4rent.ee\/wp-content\/uploads\/2025\/04\/logo-whute-sm-300x100.png 300w, https:\/\/car4rent.ee\/wp-content\/uploads\/2025\/04\/logo-whute-sm-768x257.png 768w\" sizes=\"(max-width: 795px) 100vw, 795px\" \/>\t\t\t\t\t\t\t\t\t\t\t\t\t\t\t<\/div>\n\t\t\t\t<\/div>\n\t\t\t\t<div class=\"elementor-element elementor-element-9f12be1 elementor-widget elementor-widget-heading\" data-id=\"9f12be1\" data-element_type=\"widget\" data-settings=\"{&quot;ekit_we_effect_on&quot;:&quot;none&quot;}\" data-widget_type=\"heading.default\">\n\t\t\t\t<div class=\"elementor-widget-container\">\n\t\t\t\t\t<h2 class=\"elementor-heading-title elementor-size-default\">Feel the freedom on wheels<\/h2>\t\t\t\t<\/div>\n\t\t\t\t<\/div>\n\t\t\t\t<div class=\"elementor-element elementor-element-4dfd9c2 elementor-widget-tablet__width-initial elementor-widget elementor-widget-text-editor\" data-id=\"4dfd9c2\" data-element_type=\"widget\" data-settings=\"{&quot;ekit_we_effect_on&quot;:&quot;none&quot;}\" data-widget_type=\"text-editor.default\">\n\t\t\t\t<div class=\"elementor-widget-container\">\n\t\t\t\t\t\t\t\t\t<p>Whether it&#8217;s vacation, work, or everyday errands \u2013 a rental car gives you the freedom to move in any situation.<\/p>\t\t\t\t\t\t\t\t<\/div>\n\t\t\t\t<\/div>\n\t\t\t\t<div class=\"elementor-element elementor-element-e3ebfa6 elementor-widget elementor-widget-elementskit-creative-button\" data-id=\"e3ebfa6\" data-element_type=\"widget\" data-settings=\"{&quot;ekit_we_effect_on&quot;:&quot;none&quot;}\" data-widget_type=\"elementskit-creative-button.default\">\n\t\t\t\t<div class=\"elementor-widget-container\">\n\t\t\t\t\t<div class=\"ekit-wid-con\" >\t\t<div class=\"ekit-btn-wraper\">\n\t\t\t\t\t\t\t\t<a href=\"https:\/\/car4rent.ee\/en\/car-rental-tallinn\/\" class=\"ekit_creative_button \" id=\"\" data-text=\"\">\n\n\t\t\t\t\t\t\t\t\t\t\t\t\t<i aria-hidden=\"true\" class=\"ekit_creative_button_icon_before icon icon-car11\"><\/i>\t\t\t\t\t\t\n\t\t\t\t\t\t<span class=\"ekit_creative_button_text\">Choose your car<\/span>\n\n\t\t\t\t\t\t\t\t\t\t\t\t\t\t\t\t\t<\/a>\n\t\t\t\t\t\t<\/div>\n        <\/div>\t\t\t\t<\/div>\n\t\t\t\t<\/div>\n\t\t\t\t<\/div>\n\t\t\t\t<\/div>\n\t\t","protected":false},"excerpt":{"rendered":"<p>Rental Terms Our goal is to make car rental fast, convenient, and reliable. Below you&#8217;ll find the key rental conditions \u2014 please review them before making a reservation. How does the rental process work? Choose your car and rental dates on the page car4rent.ee\/autorent-tallinnas. Fill out the booking form and submit it to us. We [&hellip;]<\/p>\n","protected":false},"author":1,"featured_media":0,"parent":0,"menu_order":0,"comment_status":"closed","ping_status":"closed","template":"","meta":{"_acf_changed":false,"footnotes":""},"class_list":["post-1961","page","type-page","status-publish","hentry"],"acf":[],"yoast_head":"<!-- This site is optimized with the Yoast SEO plugin v25.0 - https:\/\/yoast.com\/wordpress\/plugins\/seo\/ -->\n<title>Rental Terms - Car4Rent<\/title>\n<meta name=\"description\" content=\"Broneeri auto Tallinnas minutitega! Lai valik, l\u00e4bipaistev hind ja usaldusv\u00e4\u00e4rne teenus \u2013 vali Car4Rent.\" \/>\n<meta name=\"robots\" content=\"index, follow, max-snippet:-1, max-image-preview:large, max-video-preview:-1\" \/>\n<link rel=\"canonical\" href=\"https:\/\/car4rent.ee\/renditingimused\/\" \/>\n<meta property=\"og:locale\" content=\"en_US\" \/>\n<meta property=\"og:type\" content=\"article\" \/>\n<meta property=\"og:title\" content=\"Rental Terms - Car4Rent\" \/>\n<meta property=\"og:description\" content=\"Broneeri auto Tallinnas minutitega! Lai valik, l\u00e4bipaistev hind ja usaldusv\u00e4\u00e4rne teenus \u2013 vali Car4Rent.\" \/>\n<meta property=\"og:url\" content=\"https:\/\/car4rent.ee\/renditingimused\/\" \/>\n<meta property=\"og:site_name\" content=\"Car4Rent\" \/>\n<meta property=\"article:modified_time\" content=\"2025-05-04T23:44:45+00:00\" \/>\n<meta property=\"og:image\" content=\"https:\/\/car4rent.ee\/wp-content\/uploads\/2025\/04\/logo-whute-sm.png\" \/>\n<meta name=\"twitter:card\" content=\"summary_large_image\" \/>\n<meta name=\"twitter:label1\" content=\"Est. reading time\" \/>\n\t<meta name=\"twitter:data1\" content=\"2 minutes\" \/>\n<script type=\"application\/ld+json\" class=\"yoast-schema-graph\">{\"@context\":\"https:\/\/schema.org\",\"@graph\":[{\"@type\":\"WebPage\",\"@id\":\"https:\/\/car4rent.ee\/renditingimused\/\",\"url\":\"https:\/\/car4rent.ee\/renditingimused\/\",\"name\":\"Rental Terms - Car4Rent\",\"isPartOf\":{\"@id\":\"https:\/\/car4rent.ee\/#website\"},\"primaryImageOfPage\":{\"@id\":\"https:\/\/car4rent.ee\/renditingimused\/#primaryimage\"},\"image\":{\"@id\":\"https:\/\/car4rent.ee\/renditingimused\/#primaryimage\"},\"thumbnailUrl\":\"https:\/\/car4rent.ee\/wp-content\/uploads\/2025\/04\/logo-whute-sm.png\",\"datePublished\":\"2025-05-04T22:40:18+00:00\",\"dateModified\":\"2025-05-04T23:44:45+00:00\",\"description\":\"Broneeri auto Tallinnas minutitega! Lai valik, l\u00e4bipaistev hind ja usaldusv\u00e4\u00e4rne teenus \u2013 vali Car4Rent.\",\"breadcrumb\":{\"@id\":\"https:\/\/car4rent.ee\/renditingimused\/#breadcrumb\"},\"inLanguage\":\"en-US\",\"potentialAction\":[{\"@type\":\"ReadAction\",\"target\":[\"https:\/\/car4rent.ee\/renditingimused\/\"]}]},{\"@type\":\"ImageObject\",\"inLanguage\":\"en-US\",\"@id\":\"https:\/\/car4rent.ee\/renditingimused\/#primaryimage\",\"url\":\"https:\/\/car4rent.ee\/wp-content\/uploads\/2025\/04\/logo-whute-sm.png\",\"contentUrl\":\"https:\/\/car4rent.ee\/wp-content\/uploads\/2025\/04\/logo-whute-sm.png\"},{\"@type\":\"BreadcrumbList\",\"@id\":\"https:\/\/car4rent.ee\/renditingimused\/#breadcrumb\",\"itemListElement\":[{\"@type\":\"ListItem\",\"position\":1,\"name\":\"Home\",\"item\":\"https:\/\/car4rent.ee\/\"},{\"@type\":\"ListItem\",\"position\":2,\"name\":\"Rental Terms\"}]},{\"@type\":\"WebSite\",\"@id\":\"https:\/\/car4rent.ee\/#website\",\"url\":\"https:\/\/car4rent.ee\/\",\"name\":\"Car4Rent\",\"description\":\"Autorent Tallinnas \u2013 Kiire, Mugav ja Usaldusv\u00e4\u00e4rne\",\"publisher\":{\"@id\":\"https:\/\/car4rent.ee\/#organization\"},\"alternateName\":\"Car4Rent\",\"potentialAction\":[{\"@type\":\"SearchAction\",\"target\":{\"@type\":\"EntryPoint\",\"urlTemplate\":\"https:\/\/car4rent.ee\/?s={search_term_string}\"},\"query-input\":{\"@type\":\"PropertyValueSpecification\",\"valueRequired\":true,\"valueName\":\"search_term_string\"}}],\"inLanguage\":\"en-US\"},{\"@type\":\"Organization\",\"@id\":\"https:\/\/car4rent.ee\/#organization\",\"name\":\"Car4Rent\",\"url\":\"https:\/\/car4rent.ee\/\",\"logo\":{\"@type\":\"ImageObject\",\"inLanguage\":\"en-US\",\"@id\":\"https:\/\/car4rent.ee\/#\/schema\/logo\/image\/\",\"url\":\"https:\/\/car4rent.ee\/wp-content\/uploads\/2025\/04\/logo-black-sm.png\",\"contentUrl\":\"https:\/\/car4rent.ee\/wp-content\/uploads\/2025\/04\/logo-black-sm.png\",\"width\":795,\"height\":264,\"caption\":\"Car4Rent\"},\"image\":{\"@id\":\"https:\/\/car4rent.ee\/#\/schema\/logo\/image\/\"}}]}<\/script>\n<!-- \/ Yoast SEO plugin. -->","yoast_head_json":{"title":"Rental Terms - Car4Rent","description":"Broneeri auto Tallinnas minutitega! Lai valik, l\u00e4bipaistev hind ja usaldusv\u00e4\u00e4rne teenus \u2013 vali Car4Rent.","robots":{"index":"index","follow":"follow","max-snippet":"max-snippet:-1","max-image-preview":"max-image-preview:large","max-video-preview":"max-video-preview:-1"},"canonical":"https:\/\/car4rent.ee\/renditingimused\/","og_locale":"en_US","og_type":"article","og_title":"Rental Terms - Car4Rent","og_description":"Broneeri auto Tallinnas minutitega! Lai valik, l\u00e4bipaistev hind ja usaldusv\u00e4\u00e4rne teenus \u2013 vali Car4Rent.","og_url":"https:\/\/car4rent.ee\/renditingimused\/","og_site_name":"Car4Rent","article_modified_time":"2025-05-04T23:44:45+00:00","og_image":[{"url":"https:\/\/car4rent.ee\/wp-content\/uploads\/2025\/04\/logo-whute-sm.png","type":"","width":"","height":""}],"twitter_card":"summary_large_image","twitter_misc":{"Est. reading time":"2 minutes"},"schema":{"@context":"https:\/\/schema.org","@graph":[{"@type":"WebPage","@id":"https:\/\/car4rent.ee\/renditingimused\/","url":"https:\/\/car4rent.ee\/renditingimused\/","name":"Rental Terms - Car4Rent","isPartOf":{"@id":"https:\/\/car4rent.ee\/#website"},"primaryImageOfPage":{"@id":"https:\/\/car4rent.ee\/renditingimused\/#primaryimage"},"image":{"@id":"https:\/\/car4rent.ee\/renditingimused\/#primaryimage"},"thumbnailUrl":"https:\/\/car4rent.ee\/wp-content\/uploads\/2025\/04\/logo-whute-sm.png","datePublished":"2025-05-04T22:40:18+00:00","dateModified":"2025-05-04T23:44:45+00:00","description":"Broneeri auto Tallinnas minutitega! Lai valik, l\u00e4bipaistev hind ja usaldusv\u00e4\u00e4rne teenus \u2013 vali Car4Rent.","breadcrumb":{"@id":"https:\/\/car4rent.ee\/renditingimused\/#breadcrumb"},"inLanguage":"en-US","potentialAction":[{"@type":"ReadAction","target":["https:\/\/car4rent.ee\/renditingimused\/"]}]},{"@type":"ImageObject","inLanguage":"en-US","@id":"https:\/\/car4rent.ee\/renditingimused\/#primaryimage","url":"https:\/\/car4rent.ee\/wp-content\/uploads\/2025\/04\/logo-whute-sm.png","contentUrl":"https:\/\/car4rent.ee\/wp-content\/uploads\/2025\/04\/logo-whute-sm.png"},{"@type":"BreadcrumbList","@id":"https:\/\/car4rent.ee\/renditingimused\/#breadcrumb","itemListElement":[{"@type":"ListItem","position":1,"name":"Home","item":"https:\/\/car4rent.ee\/"},{"@type":"ListItem","position":2,"name":"Rental Terms"}]},{"@type":"WebSite","@id":"https:\/\/car4rent.ee\/#website","url":"https:\/\/car4rent.ee\/","name":"Car4Rent","description":"Autorent Tallinnas \u2013 Kiire, Mugav ja Usaldusv\u00e4\u00e4rne","publisher":{"@id":"https:\/\/car4rent.ee\/#organization"},"alternateName":"Car4Rent","potentialAction":[{"@type":"SearchAction","target":{"@type":"EntryPoint","urlTemplate":"https:\/\/car4rent.ee\/?s={search_term_string}"},"query-input":{"@type":"PropertyValueSpecification","valueRequired":true,"valueName":"search_term_string"}}],"inLanguage":"en-US"},{"@type":"Organization","@id":"https:\/\/car4rent.ee\/#organization","name":"Car4Rent","url":"https:\/\/car4rent.ee\/","logo":{"@type":"ImageObject","inLanguage":"en-US","@id":"https:\/\/car4rent.ee\/#\/schema\/logo\/image\/","url":"https:\/\/car4rent.ee\/wp-content\/uploads\/2025\/04\/logo-black-sm.png","contentUrl":"https:\/\/car4rent.ee\/wp-content\/uploads\/2025\/04\/logo-black-sm.png","width":795,"height":264,"caption":"Car4Rent"},"image":{"@id":"https:\/\/car4rent.ee\/#\/schema\/logo\/image\/"}}]}},"_links":{"self":[{"href":"https:\/\/car4rent.ee\/en\/wp-json\/wp\/v2\/pages\/1961","targetHints":{"allow":["GET"]}}],"collection":[{"href":"https:\/\/car4rent.ee\/en\/wp-json\/wp\/v2\/pages"}],"about":[{"href":"https:\/\/car4rent.ee\/en\/wp-json\/wp\/v2\/types\/page"}],"author":[{"embeddable":true,"href":"https:\/\/car4rent.ee\/en\/wp-json\/wp\/v2\/users\/1"}],"replies":[{"embeddable":true,"href":"https:\/\/car4rent.ee\/en\/wp-json\/wp\/v2\/comments?post=1961"}],"version-history":[{"count":4,"href":"https:\/\/car4rent.ee\/en\/wp-json\/wp\/v2\/pages\/1961\/revisions"}],"predecessor-version":[{"id":1965,"href":"https:\/\/car4rent.ee\/en\/wp-json\/wp\/v2\/pages\/1961\/revisions\/1965"}],"wp:attachment":[{"href":"https:\/\/car4rent.ee\/en\/wp-json\/wp\/v2\/media?parent=1961"}],"curies":[{"name":"wp","href":"https:\/\/api.w.org\/{rel}","templated":true}]}}