{"id":1709,"date":"2025-04-16T22:28:39","date_gmt":"2025-04-16T22:28:39","guid":{"rendered":"https:\/\/car4rent.ee\/%d0%bc%d0%be%d1%8f-%d1%83%d1%87%d0%b5%d1%82%d0%bd%d0%b0%d1%8f-%d0%b7%d0%b0%d0%bf%d0%b8%d1%81%d1%8c\/"},"modified":"2025-05-03T23:13:49","modified_gmt":"2025-05-03T23:13:49","slug":"%d0%bc%d0%be%d1%8f-%d1%83%d1%87%d0%b5%d1%82%d0%bd%d0%b0%d1%8f-%d0%b7%d0%b0%d0%bf%d0%b8%d1%81%d1%8c","status":"publish","type":"page","link":"https:\/\/car4rent.ee\/ru\/%d0%bc%d0%be%d1%8f-%d1%83%d1%87%d0%b5%d1%82%d0%bd%d0%b0%d1%8f-%d0%b7%d0%b0%d0%bf%d0%b8%d1%81%d1%8c\/","title":{"rendered":"\u041c\u043e\u044f \u0443\u0447\u0435\u0442\u043d\u0430\u044f \u0437\u0430\u043f\u0438\u0441\u044c"},"content":{"rendered":"<div class=\"woocommerce\"><div class=\"woocommerce-notices-wrapper\"><\/div>\n\n\t\t<h2>\u0412\u0445\u043e\u0434<\/h2>\n\n\t\t<form class=\"woocommerce-form woocommerce-form-login login\" method=\"post\" novalidate>\n\n\t\t\t\n\t\t\t<p class=\"woocommerce-form-row woocommerce-form-row--wide form-row form-row-wide\">\n\t\t\t\t<label for=\"username\">\u0418\u043c\u044f \u043f\u043e\u043b\u044c\u0437\u043e\u0432\u0430\u0442\u0435\u043b\u044f \u0438\u043b\u0438 Email&nbsp;<span class=\"required\" aria-hidden=\"true\">*<\/span><span class=\"screen-reader-text\">\u041e\u0431\u044f\u0437\u0430\u0442\u0435\u043b\u044c\u043d\u043e<\/span><\/label>\n\t\t\t\t<input type=\"text\" class=\"woocommerce-Input woocommerce-Input--text input-text\" name=\"username\" id=\"username\" autocomplete=\"username\" value=\"\" required aria-required=\"true\" \/>\t\t\t<\/p>\n\t\t\t<p class=\"woocommerce-form-row woocommerce-form-row--wide form-row form-row-wide\">\n\t\t\t\t<label for=\"password\">\u041f\u0430\u0440\u043e\u043b\u044c&nbsp;<span class=\"required\" aria-hidden=\"true\">*<\/span><span class=\"screen-reader-text\">\u041e\u0431\u044f\u0437\u0430\u0442\u0435\u043b\u044c\u043d\u043e<\/span><\/label>\n\t\t\t\t<input class=\"woocommerce-Input woocommerce-Input--text input-text\" type=\"password\" name=\"password\" id=\"password\" autocomplete=\"current-password\" required aria-required=\"true\" \/>\n\t\t\t<\/p>\n\n\t\t\t\n\t\t\t<p class=\"form-row\">\n\t\t\t\t<label class=\"woocommerce-form__label woocommerce-form__label-for-checkbox woocommerce-form-login__rememberme\">\n\t\t\t\t\t<input class=\"woocommerce-form__input woocommerce-form__input-checkbox\" name=\"rememberme\" type=\"checkbox\" id=\"rememberme\" value=\"forever\" \/> <span>\u0417\u0430\u043f\u043e\u043c\u043d\u0438\u0442\u044c \u043c\u0435\u043d\u044f<\/span>\n\t\t\t\t<\/label>\n\t\t\t\t<input type=\"hidden\" id=\"woocommerce-login-nonce\" name=\"woocommerce-login-nonce\" value=\"60dc4c052e\" \/><input type=\"hidden\" name=\"_wp_http_referer\" value=\"\/ru\/wp-json\/wp\/v2\/pages\/1709\" \/>\t\t\t\t<button type=\"submit\" class=\"woocommerce-button button woocommerce-form-login__submit\" name=\"login\" value=\"\u0412\u043e\u0439\u0442\u0438\">\u0412\u043e\u0439\u0442\u0438<\/button>\n\t\t\t<\/p>\n\t\t\t<p class=\"woocommerce-LostPassword lost_password\">\n\t\t\t\t<a href=\"https:\/\/car4rent.ee\/ru\/lost-password\/\">\u0417\u0430\u0431\u044b\u043b\u0438 \u0441\u0432\u043e\u0439 \u043f\u0430\u0440\u043e\u043b\u044c?<\/a>\n\t\t\t<\/p>\n\n\t\t\t\n\t\t<\/form>\n\n\n<\/div>","protected":false},"excerpt":{"rendered":"","protected":false},"author":1,"featured_media":0,"parent":0,"menu_order":0,"comment_status":"closed","ping_status":"closed","template":"","meta":{"_acf_changed":false,"footnotes":""},"class_list":["post-1709","page","type-page","status-publish","hentry"],"acf":[],"yoast_head":"<!-- This site is optimized with the Yoast SEO plugin v25.0 - https:\/\/yoast.com\/wordpress\/plugins\/seo\/ -->\n<title>\u041c\u043e\u044f \u0443\u0447\u0435\u0442\u043d\u0430\u044f \u0437\u0430\u043f\u0438\u0441\u044c - Car4Rent<\/title>\n<meta name=\"description\" content=\"Broneeri auto Tallinnas minutitega! Lai valik, l\u00e4bipaistev hind ja usaldusv\u00e4\u00e4rne teenus \u2013 vali Car4Rent.\" \/>\n<meta name=\"robots\" content=\"index, follow, max-snippet:-1, max-image-preview:large, max-video-preview:-1\" \/>\n<link rel=\"canonical\" href=\"https:\/\/car4rent.ee\/?page_id=299\" \/>\n<meta property=\"og:locale\" content=\"ru_RU\" \/>\n<meta property=\"og:type\" content=\"article\" \/>\n<meta property=\"og:title\" content=\"\u041c\u043e\u044f \u0443\u0447\u0435\u0442\u043d\u0430\u044f \u0437\u0430\u043f\u0438\u0441\u044c - Car4Rent\" \/>\n<meta property=\"og:description\" content=\"Broneeri auto Tallinnas minutitega! Lai valik, l\u00e4bipaistev hind ja usaldusv\u00e4\u00e4rne teenus \u2013 vali Car4Rent.\" \/>\n<meta property=\"og:url\" content=\"https:\/\/car4rent.ee\/?page_id=299\" \/>\n<meta property=\"og:site_name\" content=\"Car4Rent\" \/>\n<meta property=\"article:modified_time\" content=\"2025-05-03T23:13:49+00:00\" \/>\n<meta property=\"og:image\" content=\"https:\/\/car4rent.ee\/wp-content\/uploads\/2025\/05\/seo-1.jpg\" \/>\n\t<meta property=\"og:image:width\" content=\"1300\" \/>\n\t<meta property=\"og:image:height\" content=\"785\" \/>\n\t<meta property=\"og:image:type\" content=\"image\/jpeg\" \/>\n<meta name=\"twitter:card\" content=\"summary_large_image\" \/>\n<script type=\"application\/ld+json\" class=\"yoast-schema-graph\">{\"@context\":\"https:\/\/schema.org\",\"@graph\":[{\"@type\":\"WebPage\",\"@id\":\"https:\/\/car4rent.ee\/?page_id=299\",\"url\":\"https:\/\/car4rent.ee\/?page_id=299\",\"name\":\"\u041c\u043e\u044f \u0443\u0447\u0435\u0442\u043d\u0430\u044f \u0437\u0430\u043f\u0438\u0441\u044c - Car4Rent\",\"isPartOf\":{\"@id\":\"https:\/\/car4rent.ee\/#website\"},\"datePublished\":\"2025-04-16T22:28:39+00:00\",\"dateModified\":\"2025-05-03T23:13:49+00:00\",\"description\":\"Broneeri auto Tallinnas minutitega! Lai valik, l\u00e4bipaistev hind ja usaldusv\u00e4\u00e4rne teenus \u2013 vali Car4Rent.\",\"breadcrumb\":{\"@id\":\"https:\/\/car4rent.ee\/?page_id=299#breadcrumb\"},\"inLanguage\":\"ru-RU\",\"potentialAction\":[{\"@type\":\"ReadAction\",\"target\":[\"https:\/\/car4rent.ee\/?page_id=299\"]}]},{\"@type\":\"BreadcrumbList\",\"@id\":\"https:\/\/car4rent.ee\/?page_id=299#breadcrumb\",\"itemListElement\":[{\"@type\":\"ListItem\",\"position\":1,\"name\":\"Home\",\"item\":\"https:\/\/car4rent.ee\/\"},{\"@type\":\"ListItem\",\"position\":2,\"name\":\"\u041c\u043e\u044f \u0443\u0447\u0435\u0442\u043d\u0430\u044f \u0437\u0430\u043f\u0438\u0441\u044c\"}]},{\"@type\":\"WebSite\",\"@id\":\"https:\/\/car4rent.ee\/#website\",\"url\":\"https:\/\/car4rent.ee\/\",\"name\":\"Car4Rent\",\"description\":\"Autorent tallinnas ja \u00fcle eesti\",\"publisher\":{\"@id\":\"https:\/\/car4rent.ee\/#organization\"},\"alternateName\":\"Car4Rent\",\"potentialAction\":[{\"@type\":\"SearchAction\",\"target\":{\"@type\":\"EntryPoint\",\"urlTemplate\":\"https:\/\/car4rent.ee\/?s={search_term_string}\"},\"query-input\":{\"@type\":\"PropertyValueSpecification\",\"valueRequired\":true,\"valueName\":\"search_term_string\"}}],\"inLanguage\":\"ru-RU\"},{\"@type\":\"Organization\",\"@id\":\"https:\/\/car4rent.ee\/#organization\",\"name\":\"Car4Rent\",\"url\":\"https:\/\/car4rent.ee\/\",\"logo\":{\"@type\":\"ImageObject\",\"inLanguage\":\"ru-RU\",\"@id\":\"https:\/\/car4rent.ee\/#\/schema\/logo\/image\/\",\"url\":\"https:\/\/car4rent.ee\/wp-content\/uploads\/2025\/04\/logo-black-sm.png\",\"contentUrl\":\"https:\/\/car4rent.ee\/wp-content\/uploads\/2025\/04\/logo-black-sm.png\",\"width\":795,\"height\":264,\"caption\":\"Car4Rent\"},\"image\":{\"@id\":\"https:\/\/car4rent.ee\/#\/schema\/logo\/image\/\"}}]}<\/script>\n<!-- \/ Yoast SEO plugin. -->","yoast_head_json":{"title":"\u041c\u043e\u044f \u0443\u0447\u0435\u0442\u043d\u0430\u044f \u0437\u0430\u043f\u0438\u0441\u044c - Car4Rent","description":"Broneeri auto Tallinnas minutitega! Lai valik, l\u00e4bipaistev hind ja usaldusv\u00e4\u00e4rne teenus \u2013 vali Car4Rent.","robots":{"index":"index","follow":"follow","max-snippet":"max-snippet:-1","max-image-preview":"max-image-preview:large","max-video-preview":"max-video-preview:-1"},"canonical":"https:\/\/car4rent.ee\/?page_id=299","og_locale":"ru_RU","og_type":"article","og_title":"\u041c\u043e\u044f \u0443\u0447\u0435\u0442\u043d\u0430\u044f \u0437\u0430\u043f\u0438\u0441\u044c - Car4Rent","og_description":"Broneeri auto Tallinnas minutitega! Lai valik, l\u00e4bipaistev hind ja usaldusv\u00e4\u00e4rne teenus \u2013 vali Car4Rent.","og_url":"https:\/\/car4rent.ee\/?page_id=299","og_site_name":"Car4Rent","article_modified_time":"2025-05-03T23:13:49+00:00","og_image":[{"width":1300,"height":785,"url":"https:\/\/car4rent.ee\/wp-content\/uploads\/2025\/05\/seo-1.jpg","type":"image\/jpeg"}],"twitter_card":"summary_large_image","schema":{"@context":"https:\/\/schema.org","@graph":[{"@type":"WebPage","@id":"https:\/\/car4rent.ee\/?page_id=299","url":"https:\/\/car4rent.ee\/?page_id=299","name":"\u041c\u043e\u044f \u0443\u0447\u0435\u0442\u043d\u0430\u044f \u0437\u0430\u043f\u0438\u0441\u044c - Car4Rent","isPartOf":{"@id":"https:\/\/car4rent.ee\/#website"},"datePublished":"2025-04-16T22:28:39+00:00","dateModified":"2025-05-03T23:13:49+00:00","description":"Broneeri auto Tallinnas minutitega! Lai valik, l\u00e4bipaistev hind ja usaldusv\u00e4\u00e4rne teenus \u2013 vali Car4Rent.","breadcrumb":{"@id":"https:\/\/car4rent.ee\/?page_id=299#breadcrumb"},"inLanguage":"ru-RU","potentialAction":[{"@type":"ReadAction","target":["https:\/\/car4rent.ee\/?page_id=299"]}]},{"@type":"BreadcrumbList","@id":"https:\/\/car4rent.ee\/?page_id=299#breadcrumb","itemListElement":[{"@type":"ListItem","position":1,"name":"Home","item":"https:\/\/car4rent.ee\/"},{"@type":"ListItem","position":2,"name":"\u041c\u043e\u044f \u0443\u0447\u0435\u0442\u043d\u0430\u044f \u0437\u0430\u043f\u0438\u0441\u044c"}]},{"@type":"WebSite","@id":"https:\/\/car4rent.ee\/#website","url":"https:\/\/car4rent.ee\/","name":"Car4Rent","description":"Autorent tallinnas ja \u00fcle eesti","publisher":{"@id":"https:\/\/car4rent.ee\/#organization"},"alternateName":"Car4Rent","potentialAction":[{"@type":"SearchAction","target":{"@type":"EntryPoint","urlTemplate":"https:\/\/car4rent.ee\/?s={search_term_string}"},"query-input":{"@type":"PropertyValueSpecification","valueRequired":true,"valueName":"search_term_string"}}],"inLanguage":"ru-RU"},{"@type":"Organization","@id":"https:\/\/car4rent.ee\/#organization","name":"Car4Rent","url":"https:\/\/car4rent.ee\/","logo":{"@type":"ImageObject","inLanguage":"ru-RU","@id":"https:\/\/car4rent.ee\/#\/schema\/logo\/image\/","url":"https:\/\/car4rent.ee\/wp-content\/uploads\/2025\/04\/logo-black-sm.png","contentUrl":"https:\/\/car4rent.ee\/wp-content\/uploads\/2025\/04\/logo-black-sm.png","width":795,"height":264,"caption":"Car4Rent"},"image":{"@id":"https:\/\/car4rent.ee\/#\/schema\/logo\/image\/"}}]}},"_links":{"self":[{"href":"https:\/\/car4rent.ee\/ru\/wp-json\/wp\/v2\/pages\/1709","targetHints":{"allow":["GET"]}}],"collection":[{"href":"https:\/\/car4rent.ee\/ru\/wp-json\/wp\/v2\/pages"}],"about":[{"href":"https:\/\/car4rent.ee\/ru\/wp-json\/wp\/v2\/types\/page"}],"author":[{"embeddable":true,"href":"https:\/\/car4rent.ee\/ru\/wp-json\/wp\/v2\/users\/1"}],"replies":[{"embeddable":true,"href":"https:\/\/car4rent.ee\/ru\/wp-json\/wp\/v2\/comments?post=1709"}],"version-history":[{"count":0,"href":"https:\/\/car4rent.ee\/ru\/wp-json\/wp\/v2\/pages\/1709\/revisions"}],"wp:attachment":[{"href":"https:\/\/car4rent.ee\/ru\/wp-json\/wp\/v2\/media?parent=1709"}],"curies":[{"name":"wp","href":"https:\/\/api.w.org\/{rel}","templated":true}]}}