{"id":1989,"date":"2025-05-05T00:01:17","date_gmt":"2025-05-05T00:01:17","guid":{"rendered":"https:\/\/car4rent.ee\/?page_id=1989"},"modified":"2025-05-05T00:11:07","modified_gmt":"2025-05-05T00:11:07","slug":"failq-cookie","status":"publish","type":"page","link":"https:\/\/car4rent.ee\/ru\/failq-cookie\/","title":{"rendered":"\u0424\u0430\u0439\u043b\u044b cookie"},"content":{"rendered":"\t\t<div data-elementor-type=\"wp-page\" data-elementor-id=\"1989\" class=\"elementor elementor-1989 elementor-1979\" data-elementor-settings=\"{&quot;element_pack_global_tooltip_width&quot;:{&quot;unit&quot;:&quot;px&quot;,&quot;size&quot;:&quot;&quot;,&quot;sizes&quot;:[]},&quot;element_pack_global_tooltip_width_tablet&quot;:{&quot;unit&quot;:&quot;px&quot;,&quot;size&quot;:&quot;&quot;,&quot;sizes&quot;:[]},&quot;element_pack_global_tooltip_width_mobile&quot;:{&quot;unit&quot;:&quot;px&quot;,&quot;size&quot;:&quot;&quot;,&quot;sizes&quot;:[]},&quot;element_pack_global_tooltip_padding&quot;:{&quot;unit&quot;:&quot;px&quot;,&quot;top&quot;:&quot;&quot;,&quot;right&quot;:&quot;&quot;,&quot;bottom&quot;:&quot;&quot;,&quot;left&quot;:&quot;&quot;,&quot;isLinked&quot;:true},&quot;element_pack_global_tooltip_padding_tablet&quot;:{&quot;unit&quot;:&quot;px&quot;,&quot;top&quot;:&quot;&quot;,&quot;right&quot;:&quot;&quot;,&quot;bottom&quot;:&quot;&quot;,&quot;left&quot;:&quot;&quot;,&quot;isLinked&quot;:true},&quot;element_pack_global_tooltip_padding_mobile&quot;:{&quot;unit&quot;:&quot;px&quot;,&quot;top&quot;:&quot;&quot;,&quot;right&quot;:&quot;&quot;,&quot;bottom&quot;:&quot;&quot;,&quot;left&quot;:&quot;&quot;,&quot;isLinked&quot;:true},&quot;element_pack_global_tooltip_border_radius&quot;:{&quot;unit&quot;:&quot;px&quot;,&quot;top&quot;:&quot;&quot;,&quot;right&quot;:&quot;&quot;,&quot;bottom&quot;:&quot;&quot;,&quot;left&quot;:&quot;&quot;,&quot;isLinked&quot;:true},&quot;element_pack_global_tooltip_border_radius_tablet&quot;:{&quot;unit&quot;:&quot;px&quot;,&quot;top&quot;:&quot;&quot;,&quot;right&quot;:&quot;&quot;,&quot;bottom&quot;:&quot;&quot;,&quot;left&quot;:&quot;&quot;,&quot;isLinked&quot;:true},&quot;element_pack_global_tooltip_border_radius_mobile&quot;:{&quot;unit&quot;:&quot;px&quot;,&quot;top&quot;:&quot;&quot;,&quot;right&quot;:&quot;&quot;,&quot;bottom&quot;:&quot;&quot;,&quot;left&quot;:&quot;&quot;,&quot;isLinked&quot;:true}}\" data-elementor-post-type=\"page\">\n\t\t\t\t<div class=\"elementor-element elementor-element-2b29853 element-pack-agbg-yes e-flex e-con-boxed e-con e-parent\" data-id=\"2b29853\" data-element_type=\"container\" data-settings=\"{&quot;background_background&quot;:&quot;classic&quot;,&quot;element_pack_agbg_show&quot;:&quot;yes&quot;,&quot;element_pack_agbg_color_list&quot;:[{&quot;start_color&quot;:&quot;#E9BD90&quot;,&quot;_id&quot;:&quot;8eb4dde&quot;,&quot;end_color&quot;:&quot;#fefefe&quot;},{&quot;start_color&quot;:&quot;#301E0A&quot;,&quot;end_color&quot;:&quot;#43280D&quot;,&quot;_id&quot;:&quot;a9f87aa&quot;}],&quot;element_pack_agbg_direction&quot;:&quot;diagonal&quot;,&quot;element_pack_agbg_transitionSpeed&quot;:{&quot;unit&quot;:&quot;px&quot;,&quot;size&quot;:&quot;&quot;,&quot;sizes&quot;:[]},&quot;ekit_has_onepagescroll_dot&quot;:&quot;yes&quot;}\">\n\t\t\t\t\t<div class=\"e-con-inner\">\n\t\t<div class=\"elementor-element elementor-element-96c69b3 e-con-full e-flex e-con e-child\" data-id=\"96c69b3\" data-element_type=\"container\" data-settings=\"{&quot;ekit_has_onepagescroll_dot&quot;:&quot;yes&quot;}\">\n\t\t\t\t<div class=\"elementor-element elementor-element-be39ccd elementor-widget elementor-widget-heading\" data-id=\"be39ccd\" data-element_type=\"widget\" data-settings=\"{&quot;ekit_we_effect_on&quot;:&quot;none&quot;}\" data-widget_type=\"heading.default\">\n\t\t\t\t<div class=\"elementor-widget-container\">\n\t\t\t\t\t<h1 class=\"elementor-heading-title elementor-size-default\">\u0424\u0430\u0439\u043b\u044b cookie<\/h1>\t\t\t\t<\/div>\n\t\t\t\t<\/div>\n\t\t\t\t<\/div>\n\t\t<div class=\"elementor-element elementor-element-3dc5f46 e-con-full elementor-hidden-mobile e-flex e-con e-child\" data-id=\"3dc5f46\" data-element_type=\"container\" data-settings=\"{&quot;ekit_has_onepagescroll_dot&quot;:&quot;yes&quot;}\">\n\t\t\t\t<\/div>\n\t\t\t\t\t<\/div>\n\t\t\t\t<\/div>\n\t\t<div class=\"elementor-element elementor-element-f99aa9f e-flex e-con-boxed e-con e-parent\" data-id=\"f99aa9f\" data-element_type=\"container\" data-settings=\"{&quot;ekit_has_onepagescroll_dot&quot;:&quot;yes&quot;}\">\n\t\t\t\t\t<div class=\"e-con-inner\">\n\t\t\t\t<div class=\"elementor-element elementor-element-e658b9e elementor-widget elementor-widget-text-editor\" data-id=\"e658b9e\" data-element_type=\"widget\" data-settings=\"{&quot;ekit_we_effect_on&quot;:&quot;none&quot;}\" data-widget_type=\"text-editor.default\">\n\t\t\t\t<div class=\"elementor-widget-container\">\n\t\t\t\t\t\t\t\t\t<h2 data-start=\"230\" data-end=\"262\">\u041f\u043e\u043b\u0438\u0442\u0438\u043a\u0430 \u0438\u0441\u043f\u043e\u043b\u044c\u0437\u043e\u0432\u0430\u043d\u0438\u044f \u0444\u0430\u0439\u043b\u043e\u0432 cookie<\/h2><p class=\"\" data-start=\"230\" data-end=\"262\"><em data-start=\"230\" data-end=\"262\">\u041f\u043e\u0441\u043b\u0435\u0434\u043d\u0435\u0435 \u043e\u0431\u043d\u043e\u0432\u043b\u0435\u043d\u0438\u0435: \u043c\u0430\u0439 2025<\/em><\/p><p class=\"\" data-start=\"264\" data-end=\"391\">\u041d\u0430 \u0441\u0430\u0439\u0442\u0435 <strong data-start=\"273\" data-end=\"288\">car4rent.ee<\/strong> \u043c\u044b \u0438\u0441\u043f\u043e\u043b\u044c\u0437\u0443\u0435\u043c \u0444\u0430\u0439\u043b\u044b cookie, \u0447\u0442\u043e\u0431\u044b \u0443\u043b\u0443\u0447\u0448\u0438\u0442\u044c \u043f\u043e\u043b\u044c\u0437\u043e\u0432\u0430\u0442\u0435\u043b\u044c\u0441\u043a\u0438\u0439 \u043e\u043f\u044b\u0442 \u0438 \u043e\u0431\u0435\u0441\u043f\u0435\u0447\u0438\u0442\u044c \u043a\u043e\u0440\u0440\u0435\u043a\u0442\u043d\u0443\u044e \u0440\u0430\u0431\u043e\u0442\u0443 \u0441\u0430\u0439\u0442\u0430.<br \/><br \/><\/p><h3 class=\"\" data-start=\"393\" data-end=\"417\">1. \u0427\u0442\u043e \u0442\u0430\u043a\u043e\u0435 cookie?<\/h3><p class=\"\" data-start=\"419\" data-end=\"615\">\u0424\u0430\u0439\u043b\u044b cookie \u2014 \u044d\u0442\u043e \u043d\u0435\u0431\u043e\u043b\u044c\u0448\u0438\u0435 \u0442\u0435\u043a\u0441\u0442\u043e\u0432\u044b\u0435 \u0444\u0430\u0439\u043b\u044b, \u043a\u043e\u0442\u043e\u0440\u044b\u0435 \u0441\u043e\u0445\u0440\u0430\u043d\u044f\u044e\u0442\u0441\u044f \u0432 \u0432\u0430\u0448\u0435\u043c \u0431\u0440\u0430\u0443\u0437\u0435\u0440\u0435 \u043f\u0440\u0438 \u043f\u043e\u0441\u0435\u0449\u0435\u043d\u0438\u0438 \u0441\u0430\u0439\u0442\u0430. \u041e\u043d\u0438 \u043f\u043e\u0437\u0432\u043e\u043b\u044f\u044e\u0442 \u0437\u0430\u043f\u043e\u043c\u0438\u043d\u0430\u0442\u044c \u0432\u0430\u0448\u0438 \u0434\u0435\u0439\u0441\u0442\u0432\u0438\u044f \u0438 \u043f\u0440\u0435\u0434\u043f\u043e\u0447\u0442\u0435\u043d\u0438\u044f, \u0447\u0442\u043e\u0431\u044b \u0441\u0430\u0439\u0442 \u0440\u0430\u0431\u043e\u0442\u0430\u043b \u0431\u044b\u0441\u0442\u0440\u0435\u0435 \u0438 \u0443\u0434\u043e\u0431\u043d\u0435\u0435.<br \/><br \/><\/p><h3 class=\"\" data-start=\"617\" data-end=\"651\">2. \u041a\u0430\u043a\u0438\u0435 cookie \u043c\u044b \u0438\u0441\u043f\u043e\u043b\u044c\u0437\u0443\u0435\u043c?<\/h3><p class=\"\" data-start=\"653\" data-end=\"696\">\u041c\u044b \u0438\u0441\u043f\u043e\u043b\u044c\u0437\u0443\u0435\u043c \u0441\u043b\u0435\u0434\u0443\u044e\u0449\u0438\u0435 \u0442\u0438\u043f\u044b \u0444\u0430\u0439\u043b\u043e\u0432 cookie:<\/p><ul data-start=\"698\" data-end=\"1068\"><li class=\"\" data-start=\"698\" data-end=\"842\"><p class=\"\" data-start=\"700\" data-end=\"842\"><strong data-start=\"700\" data-end=\"722\">\u041d\u0435\u043e\u0431\u0445\u043e\u0434\u0438\u043c\u044b\u0435 cookie<\/strong><br data-start=\"722\" data-end=\"725\" \/>\u041e\u0431\u0435\u0441\u043f\u0435\u0447\u0438\u0432\u0430\u044e\u0442 \u0431\u0430\u0437\u043e\u0432\u044b\u0435 \u0444\u0443\u043d\u043a\u0446\u0438\u0438 \u0441\u0430\u0439\u0442\u0430 (\u043d\u0430\u043f\u0440\u0438\u043c\u0435\u0440, \u043e\u0442\u043f\u0440\u0430\u0432\u043a\u0430 \u0444\u043e\u0440\u043c \u0438\u043b\u0438 \u043d\u0430\u0432\u0438\u0433\u0430\u0446\u0438\u044f). \u0411\u0435\u0437 \u043d\u0438\u0445 \u0441\u0430\u0439\u0442 \u043d\u0435 \u043c\u043e\u0436\u0435\u0442 \u0440\u0430\u0431\u043e\u0442\u0430\u0442\u044c \u043a\u043e\u0440\u0440\u0435\u043a\u0442\u043d\u043e.<\/p><\/li><li class=\"\" data-start=\"844\" data-end=\"916\"><p class=\"\" data-start=\"846\" data-end=\"916\"><strong data-start=\"846\" data-end=\"871\">\u0424\u0443\u043d\u043a\u0446\u0438\u043e\u043d\u0430\u043b\u044c\u043d\u044b\u0435 cookie<\/strong><br data-start=\"871\" data-end=\"874\" \/>\u0417\u0430\u043f\u043e\u043c\u0438\u043d\u0430\u044e\u0442 \u0432\u0430\u0448 \u0432\u044b\u0431\u043e\u0440, \u043d\u0430\u043f\u0440\u0438\u043c\u0435\u0440 \u044f\u0437\u044b\u043a \u0441\u0430\u0439\u0442\u0430.<\/p><\/li><li class=\"\" data-start=\"918\" data-end=\"1068\"><p class=\"\" data-start=\"920\" data-end=\"1068\"><strong data-start=\"920\" data-end=\"944\">\u0410\u043d\u0430\u043b\u0438\u0442\u0438\u0447\u0435\u0441\u043a\u0438\u0435 cookie<\/strong><br data-start=\"944\" data-end=\"947\" \/>\u041f\u043e\u0437\u0432\u043e\u043b\u044f\u044e\u0442 \u043d\u0430\u043c \u043f\u043e\u043d\u044f\u0442\u044c, \u043a\u0430\u043a \u043f\u043e\u043b\u044c\u0437\u043e\u0432\u0430\u0442\u0435\u043b\u0438 \u0432\u0437\u0430\u0438\u043c\u043e\u0434\u0435\u0439\u0441\u0442\u0432\u0443\u044e\u0442 \u0441 \u0441\u0430\u0439\u0442\u043e\u043c, \u0441 \u043f\u043e\u043c\u043e\u0449\u044c\u044e \u0430\u043d\u043e\u043d\u0438\u043c\u043d\u044b\u0445 \u0434\u0430\u043d\u043d\u044b\u0445 (\u043d\u0430\u043f\u0440\u0438\u043c\u0435\u0440, Google Analytics).<\/p><\/li><\/ul><p class=\"\" data-start=\"1070\" data-end=\"1164\">\u041c\u044b <strong data-start=\"1073\" data-end=\"1090\">\u043d\u0435 \u0438\u0441\u043f\u043e\u043b\u044c\u0437\u0443\u0435\u043c<\/strong> cookie \u0434\u043b\u044f \u043f\u043e\u043a\u0430\u0437\u0430 \u0440\u0435\u043a\u043b\u0430\u043c\u044b \u0438\u043b\u0438 \u043f\u0435\u0440\u0435\u0434\u0430\u0447\u0438 \u0434\u0430\u043d\u043d\u044b\u0445 \u0442\u0440\u0435\u0442\u044c\u0438\u043c \u043b\u0438\u0446\u0430\u043c \u0431\u0435\u0437 \u0441\u043e\u0433\u043b\u0430\u0441\u0438\u044f.<br \/><br \/><\/p><h3 class=\"\" data-start=\"1166\" data-end=\"1204\">3. \u041a\u0430\u043a \u0432\u044b \u043c\u043e\u0436\u0435\u0442\u0435 \u0443\u043f\u0440\u0430\u0432\u043b\u044f\u0442\u044c cookie?<\/h3><p class=\"\" data-start=\"1206\" data-end=\"1360\">\u041f\u0440\u0438 \u043f\u0435\u0440\u0432\u043e\u043c \u043f\u043e\u0441\u0435\u0449\u0435\u043d\u0438\u0438 \u0441\u0430\u0439\u0442\u0430 \u0432\u044b \u043c\u043e\u0436\u0435\u0442\u0435 \u0432\u044b\u0431\u0440\u0430\u0442\u044c, \u043a\u0430\u043a\u0438\u0435 cookie \u0440\u0430\u0437\u0440\u0435\u0448\u0438\u0442\u044c. \u0412\u044b \u0432\u0441\u0435\u0433\u0434\u0430 \u043c\u043e\u0436\u0435\u0442\u0435 \u0438\u0437\u043c\u0435\u043d\u0438\u0442\u044c \u0441\u0432\u043e\u0451 \u0441\u043e\u0433\u043b\u0430\u0441\u0438\u0435 \u0438\u043b\u0438 \u0443\u0434\u0430\u043b\u0438\u0442\u044c cookie \u0447\u0435\u0440\u0435\u0437 \u043d\u0430\u0441\u0442\u0440\u043e\u0439\u043a\u0438 \u0431\u0440\u0430\u0443\u0437\u0435\u0440\u0430.<\/p><p class=\"\" data-start=\"1362\" data-end=\"1462\">\u041e\u0431\u0440\u0430\u0442\u0438\u0442\u0435 \u0432\u043d\u0438\u043c\u0430\u043d\u0438\u0435: \u0435\u0441\u043b\u0438 \u0432\u044b \u043e\u0442\u043a\u043b\u044e\u0447\u0438\u0442\u0435 \u0432\u0441\u0435 cookie, \u043d\u0435\u043a\u043e\u0442\u043e\u0440\u044b\u0435 \u0444\u0443\u043d\u043a\u0446\u0438\u0438 \u0441\u0430\u0439\u0442\u0430 \u043c\u043e\u0433\u0443\u0442 \u0440\u0430\u0431\u043e\u0442\u0430\u0442\u044c \u043d\u0435\u043f\u0440\u0430\u0432\u0438\u043b\u044c\u043d\u043e.<br \/><br \/><\/p><h3 class=\"\" data-start=\"1464\" data-end=\"1486\">4. \u0425\u0440\u0430\u043d\u0435\u043d\u0438\u0435 cookie<\/h3><p class=\"\" data-start=\"1488\" data-end=\"1530\">\u0421\u0440\u043e\u043a \u0445\u0440\u0430\u043d\u0435\u043d\u0438\u044f cookie \u0437\u0430\u0432\u0438\u0441\u0438\u0442 \u043e\u0442 \u0438\u0445 \u0442\u0438\u043f\u0430.<\/p><ul data-start=\"1531\" data-end=\"1666\"><li class=\"\" data-start=\"1531\" data-end=\"1584\"><p class=\"\" data-start=\"1533\" data-end=\"1584\">\u0421\u0435\u0430\u043d\u0441\u043e\u0432\u044b\u0435 cookie \u0443\u0434\u0430\u043b\u044f\u044e\u0442\u0441\u044f \u043f\u0440\u0438 \u0437\u0430\u043a\u0440\u044b\u0442\u0438\u0438 \u0431\u0440\u0430\u0443\u0437\u0435\u0440\u0430.<\/p><\/li><li class=\"\" data-start=\"1585\" data-end=\"1666\"><p class=\"\" data-start=\"1587\" data-end=\"1666\">\u041f\u043e\u0441\u0442\u043e\u044f\u043d\u043d\u044b\u0435 cookie \u043c\u043e\u0433\u0443\u0442 \u0445\u0440\u0430\u043d\u0438\u0442\u044c\u0441\u044f \u0434\u043e 12 \u043c\u0435\u0441\u044f\u0446\u0435\u0432, \u0435\u0441\u043b\u0438 \u0432\u044b \u043d\u0435 \u0443\u0434\u0430\u043b\u0438\u0442\u0435 \u0438\u0445 \u0432\u0440\u0443\u0447\u043d\u0443\u044e.<br \/><br \/><\/p><\/li><\/ul><h3 class=\"\" data-start=\"1668\" data-end=\"1696\">5. \u041a\u043e\u043d\u0442\u0430\u043a\u0442\u043d\u0430\u044f \u0438\u043d\u0444\u043e\u0440\u043c\u0430\u0446\u0438\u044f<\/h3><p class=\"\" data-start=\"1698\" data-end=\"1770\">\u0415\u0441\u043b\u0438 \u0443 \u0432\u0430\u0441 \u0435\u0441\u0442\u044c \u0432\u043e\u043f\u0440\u043e\u0441\u044b \u043e \u043f\u043e\u043b\u0438\u0442\u0438\u043a\u0435 cookie, \u043f\u043e\u0436\u0430\u043b\u0443\u0439\u0441\u0442\u0430, \u0441\u0432\u044f\u0436\u0438\u0442\u0435\u0441\u044c \u0441 \u043d\u0430\u043c\u0438:<\/p><p class=\"\" data-start=\"1772\" data-end=\"1846\"><strong data-start=\"1772\" data-end=\"1795\">Individual Group O\u00dc<\/strong><br data-start=\"1795\" data-end=\"1798\" \/>Email: <a rel=\"noopener\" data-start=\"1805\" data-end=\"1821\">info@car4rent.ee<\/a><br data-start=\"1821\" data-end=\"1824\" \/>\u0422\u0435\u043b\u0435\u0444\u043e\u043d: +372 550 2099<\/p>\t\t\t\t\t\t\t\t<\/div>\n\t\t\t\t<\/div>\n\t\t\t\t\t<\/div>\n\t\t\t\t<\/div>\n\t\t\t\t<\/div>\n\t\t","protected":false},"excerpt":{"rendered":"<p>\u0424\u0430\u0439\u043b\u044b cookie \u041f\u043e\u043b\u0438\u0442\u0438\u043a\u0430 \u0438\u0441\u043f\u043e\u043b\u044c\u0437\u043e\u0432\u0430\u043d\u0438\u044f \u0444\u0430\u0439\u043b\u043e\u0432 cookie \u041f\u043e\u0441\u043b\u0435\u0434\u043d\u0435\u0435 \u043e\u0431\u043d\u043e\u0432\u043b\u0435\u043d\u0438\u0435: \u043c\u0430\u0439 2025 \u041d\u0430 \u0441\u0430\u0439\u0442\u0435 car4rent.ee \u043c\u044b \u0438\u0441\u043f\u043e\u043b\u044c\u0437\u0443\u0435\u043c \u0444\u0430\u0439\u043b\u044b cookie, \u0447\u0442\u043e\u0431\u044b \u0443\u043b\u0443\u0447\u0448\u0438\u0442\u044c \u043f\u043e\u043b\u044c\u0437\u043e\u0432\u0430\u0442\u0435\u043b\u044c\u0441\u043a\u0438\u0439 \u043e\u043f\u044b\u0442 \u0438 \u043e\u0431\u0435\u0441\u043f\u0435\u0447\u0438\u0442\u044c \u043a\u043e\u0440\u0440\u0435\u043a\u0442\u043d\u0443\u044e \u0440\u0430\u0431\u043e\u0442\u0443 \u0441\u0430\u0439\u0442\u0430. 1. \u0427\u0442\u043e \u0442\u0430\u043a\u043e\u0435 cookie? \u0424\u0430\u0439\u043b\u044b cookie \u2014 \u044d\u0442\u043e \u043d\u0435\u0431\u043e\u043b\u044c\u0448\u0438\u0435 \u0442\u0435\u043a\u0441\u0442\u043e\u0432\u044b\u0435 \u0444\u0430\u0439\u043b\u044b, \u043a\u043e\u0442\u043e\u0440\u044b\u0435 \u0441\u043e\u0445\u0440\u0430\u043d\u044f\u044e\u0442\u0441\u044f \u0432 \u0432\u0430\u0448\u0435\u043c \u0431\u0440\u0430\u0443\u0437\u0435\u0440\u0435 \u043f\u0440\u0438 \u043f\u043e\u0441\u0435\u0449\u0435\u043d\u0438\u0438 \u0441\u0430\u0439\u0442\u0430. \u041e\u043d\u0438 \u043f\u043e\u0437\u0432\u043e\u043b\u044f\u044e\u0442 \u0437\u0430\u043f\u043e\u043c\u0438\u043d\u0430\u0442\u044c \u0432\u0430\u0448\u0438 \u0434\u0435\u0439\u0441\u0442\u0432\u0438\u044f \u0438 \u043f\u0440\u0435\u0434\u043f\u043e\u0447\u0442\u0435\u043d\u0438\u044f, \u0447\u0442\u043e\u0431\u044b \u0441\u0430\u0439\u0442 \u0440\u0430\u0431\u043e\u0442\u0430\u043b [&hellip;]<\/p>\n","protected":false},"author":1,"featured_media":0,"parent":0,"menu_order":0,"comment_status":"closed","ping_status":"closed","template":"","meta":{"_acf_changed":false,"footnotes":""},"class_list":["post-1989","page","type-page","status-publish","hentry"],"acf":[],"yoast_head":"<!-- This site is optimized with the Yoast SEO plugin v25.0 - https:\/\/yoast.com\/wordpress\/plugins\/seo\/ -->\n<title>\u0424\u0430\u0439\u043b\u044b cookie - Car4Rent<\/title>\n<meta name=\"description\" content=\"Broneeri auto Tallinnas minutitega! Lai valik, l\u00e4bipaistev hind ja usaldusv\u00e4\u00e4rne teenus \u2013 vali Car4Rent.\" \/>\n<meta name=\"robots\" content=\"index, follow, max-snippet:-1, max-image-preview:large, max-video-preview:-1\" \/>\n<link rel=\"canonical\" href=\"https:\/\/car4rent.ee\/ru\/failq-cookie\/\" \/>\n<meta property=\"og:locale\" content=\"ru_RU\" \/>\n<meta property=\"og:type\" content=\"article\" \/>\n<meta property=\"og:title\" content=\"\u0424\u0430\u0439\u043b\u044b cookie - Car4Rent\" \/>\n<meta property=\"og:description\" content=\"Broneeri auto Tallinnas minutitega! Lai valik, l\u00e4bipaistev hind ja usaldusv\u00e4\u00e4rne teenus \u2013 vali Car4Rent.\" \/>\n<meta property=\"og:url\" content=\"https:\/\/car4rent.ee\/ru\/failq-cookie\/\" \/>\n<meta property=\"og:site_name\" content=\"Car4Rent\" \/>\n<meta property=\"article:modified_time\" content=\"2025-05-05T00:11:07+00:00\" \/>\n<meta property=\"og:image\" content=\"https:\/\/car4rent.ee\/wp-content\/uploads\/2025\/05\/seo-1.jpg\" \/>\n\t<meta property=\"og:image:width\" content=\"1300\" \/>\n\t<meta property=\"og:image:height\" content=\"785\" \/>\n\t<meta property=\"og:image:type\" content=\"image\/jpeg\" \/>\n<meta name=\"twitter:card\" content=\"summary_large_image\" \/>\n<script type=\"application\/ld+json\" class=\"yoast-schema-graph\">{\"@context\":\"https:\/\/schema.org\",\"@graph\":[{\"@type\":\"WebPage\",\"@id\":\"https:\/\/car4rent.ee\/ru\/failq-cookie\/\",\"url\":\"https:\/\/car4rent.ee\/ru\/failq-cookie\/\",\"name\":\"\u0424\u0430\u0439\u043b\u044b cookie - Car4Rent\",\"isPartOf\":{\"@id\":\"https:\/\/car4rent.ee\/#website\"},\"datePublished\":\"2025-05-05T00:01:17+00:00\",\"dateModified\":\"2025-05-05T00:11:07+00:00\",\"description\":\"Broneeri auto Tallinnas minutitega! Lai valik, l\u00e4bipaistev hind ja usaldusv\u00e4\u00e4rne teenus \u2013 vali Car4Rent.\",\"breadcrumb\":{\"@id\":\"https:\/\/car4rent.ee\/ru\/failq-cookie\/#breadcrumb\"},\"inLanguage\":\"ru-RU\",\"potentialAction\":[{\"@type\":\"ReadAction\",\"target\":[\"https:\/\/car4rent.ee\/ru\/failq-cookie\/\"]}]},{\"@type\":\"BreadcrumbList\",\"@id\":\"https:\/\/car4rent.ee\/ru\/failq-cookie\/#breadcrumb\",\"itemListElement\":[{\"@type\":\"ListItem\",\"position\":1,\"name\":\"Home\",\"item\":\"https:\/\/car4rent.ee\/\"},{\"@type\":\"ListItem\",\"position\":2,\"name\":\"\u0424\u0430\u0439\u043b\u044b cookie\"}]},{\"@type\":\"WebSite\",\"@id\":\"https:\/\/car4rent.ee\/#website\",\"url\":\"https:\/\/car4rent.ee\/\",\"name\":\"Car4Rent\",\"description\":\"Autorent tallinnas ja \u00fcle eesti\",\"publisher\":{\"@id\":\"https:\/\/car4rent.ee\/#organization\"},\"alternateName\":\"Car4Rent\",\"potentialAction\":[{\"@type\":\"SearchAction\",\"target\":{\"@type\":\"EntryPoint\",\"urlTemplate\":\"https:\/\/car4rent.ee\/?s={search_term_string}\"},\"query-input\":{\"@type\":\"PropertyValueSpecification\",\"valueRequired\":true,\"valueName\":\"search_term_string\"}}],\"inLanguage\":\"ru-RU\"},{\"@type\":\"Organization\",\"@id\":\"https:\/\/car4rent.ee\/#organization\",\"name\":\"Car4Rent\",\"url\":\"https:\/\/car4rent.ee\/\",\"logo\":{\"@type\":\"ImageObject\",\"inLanguage\":\"ru-RU\",\"@id\":\"https:\/\/car4rent.ee\/#\/schema\/logo\/image\/\",\"url\":\"https:\/\/car4rent.ee\/wp-content\/uploads\/2025\/04\/logo-black-sm.png\",\"contentUrl\":\"https:\/\/car4rent.ee\/wp-content\/uploads\/2025\/04\/logo-black-sm.png\",\"width\":795,\"height\":264,\"caption\":\"Car4Rent\"},\"image\":{\"@id\":\"https:\/\/car4rent.ee\/#\/schema\/logo\/image\/\"}}]}<\/script>\n<!-- \/ Yoast SEO plugin. -->","yoast_head_json":{"title":"\u0424\u0430\u0439\u043b\u044b cookie - Car4Rent","description":"Broneeri auto Tallinnas minutitega! Lai valik, l\u00e4bipaistev hind ja usaldusv\u00e4\u00e4rne teenus \u2013 vali Car4Rent.","robots":{"index":"index","follow":"follow","max-snippet":"max-snippet:-1","max-image-preview":"max-image-preview:large","max-video-preview":"max-video-preview:-1"},"canonical":"https:\/\/car4rent.ee\/ru\/failq-cookie\/","og_locale":"ru_RU","og_type":"article","og_title":"\u0424\u0430\u0439\u043b\u044b cookie - Car4Rent","og_description":"Broneeri auto Tallinnas minutitega! Lai valik, l\u00e4bipaistev hind ja usaldusv\u00e4\u00e4rne teenus \u2013 vali Car4Rent.","og_url":"https:\/\/car4rent.ee\/ru\/failq-cookie\/","og_site_name":"Car4Rent","article_modified_time":"2025-05-05T00:11:07+00:00","og_image":[{"width":1300,"height":785,"url":"https:\/\/car4rent.ee\/wp-content\/uploads\/2025\/05\/seo-1.jpg","type":"image\/jpeg"}],"twitter_card":"summary_large_image","schema":{"@context":"https:\/\/schema.org","@graph":[{"@type":"WebPage","@id":"https:\/\/car4rent.ee\/ru\/failq-cookie\/","url":"https:\/\/car4rent.ee\/ru\/failq-cookie\/","name":"\u0424\u0430\u0439\u043b\u044b cookie - Car4Rent","isPartOf":{"@id":"https:\/\/car4rent.ee\/#website"},"datePublished":"2025-05-05T00:01:17+00:00","dateModified":"2025-05-05T00:11:07+00:00","description":"Broneeri auto Tallinnas minutitega! Lai valik, l\u00e4bipaistev hind ja usaldusv\u00e4\u00e4rne teenus \u2013 vali Car4Rent.","breadcrumb":{"@id":"https:\/\/car4rent.ee\/ru\/failq-cookie\/#breadcrumb"},"inLanguage":"ru-RU","potentialAction":[{"@type":"ReadAction","target":["https:\/\/car4rent.ee\/ru\/failq-cookie\/"]}]},{"@type":"BreadcrumbList","@id":"https:\/\/car4rent.ee\/ru\/failq-cookie\/#breadcrumb","itemListElement":[{"@type":"ListItem","position":1,"name":"Home","item":"https:\/\/car4rent.ee\/"},{"@type":"ListItem","position":2,"name":"\u0424\u0430\u0439\u043b\u044b cookie"}]},{"@type":"WebSite","@id":"https:\/\/car4rent.ee\/#website","url":"https:\/\/car4rent.ee\/","name":"Car4Rent","description":"Autorent tallinnas ja \u00fcle eesti","publisher":{"@id":"https:\/\/car4rent.ee\/#organization"},"alternateName":"Car4Rent","potentialAction":[{"@type":"SearchAction","target":{"@type":"EntryPoint","urlTemplate":"https:\/\/car4rent.ee\/?s={search_term_string}"},"query-input":{"@type":"PropertyValueSpecification","valueRequired":true,"valueName":"search_term_string"}}],"inLanguage":"ru-RU"},{"@type":"Organization","@id":"https:\/\/car4rent.ee\/#organization","name":"Car4Rent","url":"https:\/\/car4rent.ee\/","logo":{"@type":"ImageObject","inLanguage":"ru-RU","@id":"https:\/\/car4rent.ee\/#\/schema\/logo\/image\/","url":"https:\/\/car4rent.ee\/wp-content\/uploads\/2025\/04\/logo-black-sm.png","contentUrl":"https:\/\/car4rent.ee\/wp-content\/uploads\/2025\/04\/logo-black-sm.png","width":795,"height":264,"caption":"Car4Rent"},"image":{"@id":"https:\/\/car4rent.ee\/#\/schema\/logo\/image\/"}}]}},"_links":{"self":[{"href":"https:\/\/car4rent.ee\/ru\/wp-json\/wp\/v2\/pages\/1989","targetHints":{"allow":["GET"]}}],"collection":[{"href":"https:\/\/car4rent.ee\/ru\/wp-json\/wp\/v2\/pages"}],"about":[{"href":"https:\/\/car4rent.ee\/ru\/wp-json\/wp\/v2\/types\/page"}],"author":[{"embeddable":true,"href":"https:\/\/car4rent.ee\/ru\/wp-json\/wp\/v2\/users\/1"}],"replies":[{"embeddable":true,"href":"https:\/\/car4rent.ee\/ru\/wp-json\/wp\/v2\/comments?post=1989"}],"version-history":[{"count":4,"href":"https:\/\/car4rent.ee\/ru\/wp-json\/wp\/v2\/pages\/1989\/revisions"}],"predecessor-version":[{"id":1993,"href":"https:\/\/car4rent.ee\/ru\/wp-json\/wp\/v2\/pages\/1989\/revisions\/1993"}],"wp:attachment":[{"href":"https:\/\/car4rent.ee\/ru\/wp-json\/wp\/v2\/media?parent=1989"}],"curies":[{"name":"wp","href":"https:\/\/api.w.org\/{rel}","templated":true}]}}